{"id":12271,"date":"2019-11-22T19:45:57","date_gmt":"2019-11-22T21:45:57","guid":{"rendered":"https:\/\/www.epimedsolutions.com\/?page_id=12271"},"modified":"2026-03-17T14:58:48","modified_gmt":"2026-03-17T17:58:48","slug":"certificacoes","status":"publish","type":"page","link":"https:\/\/www.epimedsolutions.com\/es\/certificacoes\/","title":{"rendered":"Certificaciones"},"content":{"rendered":"<section class=\"wpb-content-wrapper\"><p>[vc_row][vc_column width=\u00bb1\/2&#8243; offset=\u00bbvc_col-lg-5&#8243;]<div class=\"mkdf-section-title-holder  mkdf-st-standard mkdf-st-title-left mkdf-st-normal-space \" >\n\t<div class=\"mkdf-st-inner\">\n\t\t\t\t\t<h3 class=\"mkdf-st-title\" style=\"color: #6a56a6\">\n\t\t\t\tTop Performer\t\t\t<\/h3>\n\t\t\t\t\t\t\t<p class=\"mkdf-st-text\" style=\"font-size: 20px;line-height: 33px;margin-top: 16px\">\n\t\t\t\tEl certificado Top Performer se otorga a las UCI que han logrado los mejores resultados cl\u00ednicos con la asignaci\u00f3n m\u00e1s eficiente de recursos en el cuidado de pacientes cr\u00edticos internados en ellas. Las UCI con estas caracter\u00edsticas contribuyen de forma diferenciada a garantizar la sostenibilidad y calidad de la atenci\u00f3n de los pacientes de alta gravedad y complejidad.\nUna UCI est\u00e1 certificada como Top Performer si el a\u00f1o anterior presenta tasas de mortalidad (TME) y de utilizaci\u00f3n de recursos (TURE) estandarizadas de acuerdo con la puntuaci\u00f3n SAPS3 por debajo de los terciles inferiores (TME y TURE con valores por debajo del percentil 33).\t\t\t<\/p>\n\t\t\t<\/div>\n<\/div>[vc_empty_space height=\u00bb50px\u00bb]<a itemprop=\"url\" href=\"http:\/\/epimedsolutions.com\/landingpage\/performance\/es-co\/\" target=\"_blank\" style=\"color: #3f3f3f\" class=\"mkdf-btn mkdf-btn-large mkdf-btn-simple mkdf-btn-icon\"  >\n    <span class=\"mkdf-btn-text\">Como mejorar la eficiencia en su UCI<\/span>\n    <i class=\"mkdf-icon-font-awesome fa fa-arrow-right \" ><\/i><\/a>[vc_empty_space]<a itemprop=\"url\" href=\"#\" target=\"_self\" style=\"color: #0098da;border-color: #0098da;margin: 0px 7px 10px 7px;padding: 8px 48px 8px 48px\" class=\"mkdf-btn mkdf-btn-large mkdf-btn-outline mkdf-btn-custom-hover-bg mkdf-btn-custom-border-hover popmake-30292\" data-hover-bg-color=\"#0098da\" data-hover-border-color=\"#0098da\" >\n    <span class=\"mkdf-btn-text\">Revise los criterios<\/span>\n    <\/a>[\/vc_column][vc_column width=\u00bb1\/2&#8243; offset=\u00bbvc_col-lg-7&#8243;]<div class=\"mkdf-animation-holder mkdf-grow-in\" data-animation=\"mkdf-grow-in\" data-animation-delay=\"\"><div class=\"mkdf-animation-inner\">[vc_single_image image=\u00bb38010&#8243; img_size=\u00bb\u00bb]<\/div><\/div>[\/vc_column][\/vc_row][vc_row el_id=\u00bbsection-eficiente\u00bb css=\u00bb.vc_custom_1660683680769{padding-top: 80px !important;}\u00bb][vc_column][vc_separator style=\u00bbshadow\u00bb css=\u00bb.vc_custom_1575055358629{padding-bottom: 100px !important;}\u00bb][\/vc_column][\/vc_row][vc_row][vc_column width=\u00bb1\/2&#8243; offset=\u00bbvc_col-lg-7&#8243;]<div class=\"mkdf-animation-holder mkdf-grow-in\" data-animation=\"mkdf-grow-in\" data-animation-delay=\"\"><div class=\"mkdf-animation-inner\">[vc_single_image image=\u00bb38016&#8243; img_size=\u00bb\u00bb]<\/div><\/div>[\/vc_column][vc_column width=\u00bb1\/2&#8243; offset=\u00bbvc_col-lg-5&#8243;]<div class=\"mkdf-elements-holder   mkdf-one-column  mkdf-responsive-mode-768 \" ><div class=\"mkdf-eh-item    \"  data-item-class=\"mkdf-eh-custom-6856\">\n\t<div class=\"mkdf-eh-item-inner\">\n\t\t<div class=\"mkdf-eh-item-content mkdf-eh-custom-6856\" >\n\t\t\t<div class=\"mkdf-section-title-holder  mkdf-st-standard mkdf-st-title-left mkdf-st-normal-space \" >\n\t<div class=\"mkdf-st-inner\">\n\t\t\t\t\t<h3 class=\"mkdf-st-title\" style=\"color: #6a56a6\">\n\t\t\t\tEficiente\t\t\t<\/h3>\n\t\t\t\t\t\t\t<p class=\"mkdf-st-text\" style=\"font-size: 20px;line-height: 33px;margin-top: 16px\">\n\t\t\t\tEl certificado UCI Eficiente se otorga a las UCI que han logrado buenos resultados cl\u00ednicos con la asignaci\u00f3n m\u00e1s eficiente de recursos en el cuidado de pacientes cr\u00edticos ingresados en ellas. Las UCI con estas caracter\u00edsticas contribuyen de forma diferenciada a garantizar la sostenibilidad y calidad de la atenci\u00f3n de los pacientes de alta gravedad y complejidad.\t\t\t<\/p>\n\t\t\t<\/div>\n<\/div>[vc_empty_space height=\u00bb50px\u00bb]<a itemprop=\"url\" href=\"http:\/\/epimedsolutions.com\/landingpage\/performance\/es-co\/\" target=\"_blank\" style=\"color: #3f3f3f\" class=\"mkdf-btn mkdf-btn-large mkdf-btn-simple mkdf-btn-icon\"  >\n    <span class=\"mkdf-btn-text\">Como mejorar la eficiencia en su UCI<\/span>\n    <i class=\"mkdf-icon-font-awesome fa fa-arrow-right \" ><\/i><\/a>[vc_empty_space]<a itemprop=\"url\" href=\"#\" target=\"_self\" style=\"color: #0098da;border-color: #0098da;margin: 0px 7px 10px 7px;padding: 8px 48px 8px 48px\" class=\"mkdf-btn mkdf-btn-large mkdf-btn-outline mkdf-btn-custom-hover-bg mkdf-btn-custom-border-hover popmake-30292\" data-hover-bg-color=\"#0098da\" data-hover-border-color=\"#0098da\" >\n    <span class=\"mkdf-btn-text\">Revise los criterios<\/span>\n    <\/a>\t\t<\/div>\n\t<\/div>\n<\/div><\/div>[\/vc_column][\/vc_row][vc_row css=\u00bb.vc_custom_1660683680769{padding-top: 80px !important;}\u00bb][vc_column][vc_separator style=\u00bbshadow\u00bb css=\u00bb.vc_custom_1575055358629{padding-bottom: 100px !important;}\u00bb][\/vc_column][\/vc_row][vc_row el_class=\u00bbelement-hide\u00bb el_id=\u00bbsection-utis-brasileiras\u00bb][vc_column][vc_separator style=\u00bbshadow\u00bb css=\u00bb.vc_custom_1575055358629{padding-bottom: 100px !important;}\u00bb][\/vc_column][\/vc_row][vc_row][vc_column width=\u00bb1\/2&#8243; offset=\u00bbvc_col-lg-5&#8243;]<div class=\"mkdf-section-title-holder  mkdf-st-standard mkdf-st-title-left mkdf-st-normal-space \" >\n\t<div class=\"mkdf-st-inner\">\n\t\t\t\t\t<h3 class=\"mkdf-st-title\" style=\"color: #6a56a6\">\n\t\t\t\tSeguridad del Paciente\t\t\t<\/h3>\n\t\t\t\t\t\t\t<p class=\"mkdf-st-text\" style=\"font-size: 20px;line-height: 33px;margin-top: 16px\">\n\t\t\t\tEl Sello Seguridad del Paciente se otorga a las instituciones de salud que cumplen los criterios de promoci\u00f3n de buenas pr\u00e1cticas para la Seguridad del Paciente al realizar la notificaci\u00f3n, clasificaci\u00f3n, investigaci\u00f3n y tratar incidentes y eventos adversos, contribuyendo a la garant\u00eda de la calidad asistencial y la seguridad del paciente.\t\t\t<\/p>\n\t\t\t<\/div>\n<\/div>[vc_empty_space height=\u00bb50px\u00bb][vc_empty_space]<a itemprop=\"url\" href=\"#\" target=\"_self\" style=\"color: #0098da;border-color: #0098da;margin: 0px 7px 10px 7px;padding: 8px 48px 8px 48px\" class=\"mkdf-btn mkdf-btn-large mkdf-btn-outline mkdf-btn-custom-hover-bg mkdf-btn-custom-border-hover popmake-34686\" data-hover-bg-color=\"#0098da\" data-hover-border-color=\"#0098da\" >\n    <span class=\"mkdf-btn-text\">Revise los criterios<\/span>\n    <\/a>[\/vc_column][vc_column width=\u00bb1\/2&#8243; offset=\u00bbvc_col-lg-7&#8243;]<div class=\"mkdf-animation-holder mkdf-grow-in\" data-animation=\"mkdf-grow-in\" data-animation-delay=\"\"><div class=\"mkdf-animation-inner\">[vc_single_image image=\u00bb38041&#8243; img_size=\u00bb\u00bb]<\/div><\/div>[\/vc_column][\/vc_row][vc_row el_class=\u00bbelement-hide\u00bb][vc_column width=\u00bb1\/2&#8243; offset=\u00bbvc_col-lg-5&#8243;]<div class=\"mkdf-section-title-holder  mkdf-st-standard mkdf-st-title-left mkdf-st-normal-space \" >\n\t<div class=\"mkdf-st-inner\">\n\t\t\t\t\t<h3 class=\"mkdf-st-title\" style=\"color: #6a56a6\">\n\t\t\t\tUTIs Brasileiras\t\t\t<\/h3>\n\t\t\t\t\t\t\t<p class=\"mkdf-st-text\" style=\"font-size: 20px;line-height: 33px;margin-top: 16px\">\n\t\t\t\tO Selo Gest\u00e3o de Indicadores de Qualidade e Desempenho \u00e9 conferido, pela AMIB com apoio da Epimed Solutions, \u00e0s UTI adulto e pedi\u00e1tricas que gerenciam seus indicadores de qualidade e desempenho em conson\u00e2ncia com a Resolu\u00e7\u00e3o da<br \/>\nDiretoria Colegiada N o 7 da ANVISA (RDC-7) de 24 de Fevereiro de 2010, atrav\u00e9s do sistema Epimed Monitor, contribuindo para a melhoria da qualidade da medicina intensiva e seguran\u00e7a dos pacientes no Brasil.\t\t\t<\/p>\n\t\t\t<\/div>\n<\/div>[vc_empty_space height=\u00bb50px\u00bb]<a itemprop=\"url\" href=\"http:\/\/www.utisbrasileiras.com.br\/o-projeto\/\" target=\"_blank\" style=\"color: #3f3f3f\" class=\"mkdf-btn mkdf-btn-large mkdf-btn-simple mkdf-btn-icon\"  >\n    <span class=\"mkdf-btn-text\">Projeto UTIs Brasileiras<\/span>\n    <i class=\"mkdf-icon-font-awesome fa fa-arrow-right \" ><\/i><\/a>[\/vc_column][vc_column width=\u00bb1\/2&#8243; offset=\u00bbvc_col-lg-7&#8243;]<div class=\"mkdf-animation-holder mkdf-grow-in\" data-animation=\"mkdf-grow-in\" data-animation-delay=\"\"><div class=\"mkdf-animation-inner\"><div class=\"mkdf-floating-images-holder mkdf-fi-left-aligned mkdf-fi-parallax\">\n    <div class=\"mkdf-fi-inner\">\n        <div class=\"mkdf-fi-image-holder mkdf-fi-main-image-holder\">\n            <div class=\"mkdf-fi-image-wrapper\" data-parallax=\"{&quot;y&quot;: -99, &quot;smoothness&quot;: 20}\">\n                <img decoding=\"async\" class=\"mkdf-fi-main-image\" \n                     \n                                        src=\"https:\/\/www.epimedsolutions.com\/wp-content\/uploads\/2019\/11\/certificado_AMIB-front.png\" \n                    alt=\"certificado_AMIB-front\" \/>\n            <\/div>\n        <\/div>\n        <div class=\"mkdf-fi-image-holder mkdf-fi-aux-image-holder\">\n            <div class=\"mkdf-fi-image-wrapper\" data-parallax=\"{&quot;y&quot;: -57, &quot;smoothness&quot;: 20}\">\n                <img decoding=\"async\" class=\"mkdf-fi-aux-image\" \n                    data-y=\"-10%\" \n                                        src=\"https:\/\/www.epimedsolutions.com\/wp-content\/uploads\/2019\/11\/certificado_AMIB-back.png\" \n                    alt=\"certificado_AMIB-back\" \/>\n            <\/div>\n        <\/div>\n            <\/div>\n<\/div>\n<\/div><\/div>[\/vc_column][\/vc_row]<\/p>\n<\/section>","protected":false},"excerpt":{"rendered":"<p>[vc_row][vc_column width=\u00bb1\/2&#8243; offset=\u00bbvc_col-lg-5&#8243;][vc_empty_space height=\u00bb50px\u00bb][vc_empty_space][\/vc_column][vc_column width=\u00bb1\/2&#8243; offset=\u00bbvc_col-lg-7&#8243;][\/vc_column][\/vc_row][vc_row el_id=\u00bbsection-eficiente\u00bb css=\u00bb.vc_custom_1660683680769{padding-top: 80px !important;}\u00bb][vc_column][vc_separator style=\u00bbshadow\u00bb css=\u00bb.vc_custom_1575055358629{padding-bottom: 100px !important;}\u00bb][\/vc_column][\/vc_row][vc_row][vc_column width=\u00bb1\/2&#8243; offset=\u00bbvc_col-lg-7&#8243;][\/vc_column][vc_column width=\u00bb1\/2&#8243; offset=\u00bbvc_col-lg-5&#8243;][\/vc_column][\/vc_row][vc_row css=\u00bb.vc_custom_1660683680769{padding-top: 80px !important;}\u00bb][vc_column][vc_separator style=\u00bbshadow\u00bb css=\u00bb.vc_custom_1575055358629{padding-bottom: 100px !important;}\u00bb][\/vc_column][\/vc_row][vc_row el_class=\u00bbelement-hide\u00bb el_id=\u00bbsection-utis-brasileiras\u00bb][vc_column][vc_separator style=\u00bbshadow\u00bb css=\u00bb.vc_custom_1575055358629{padding-bottom: 100px !important;}\u00bb][\/vc_column][\/vc_row][vc_row][vc_column width=\u00bb1\/2&#8243; offset=\u00bbvc_col-lg-5&#8243;][vc_empty_space height=\u00bb50px\u00bb][vc_empty_space][\/vc_column][vc_column width=\u00bb1\/2&#8243; offset=\u00bbvc_col-lg-7&#8243;][\/vc_column][\/vc_row][vc_row el_class=\u00bbelement-hide\u00bb][vc_column width=\u00bb1\/2&#8243; offset=\u00bbvc_col-lg-5&#8243;][vc_empty_space height=\u00bb50px\u00bb][\/vc_column][vc_column [&hellip;]<\/p>\n","protected":false},"author":1,"featured_media":0,"parent":0,"menu_order":0,"comment_status":"closed","ping_status":"closed","template":"","meta":{"_acf_changed":false,"footnotes":""},"class_list":["post-12271","page","type-page","status-publish","hentry"],"acf":[],"yoast_head":"<!-- This site is optimized with the Yoast SEO plugin v27.2 - https:\/\/yoast.com\/product\/yoast-seo-wordpress\/ -->\r\n<title>Certificaciones - Epimed Solutions<\/title>\r\n<meta name=\"robots\" content=\"index, follow, max-snippet:-1, max-image-preview:large, max-video-preview:-1\" \/>\r\n<link rel=\"canonical\" href=\"https:\/\/www.epimedsolutions.com\/es\/certificacoes\/\" \/>\r\n<meta property=\"og:locale\" content=\"es_ES\" \/>\r\n<meta property=\"og:type\" content=\"article\" \/>\r\n<meta property=\"og:title\" content=\"Certificaciones - Epimed Solutions\" \/>\r\n<meta property=\"og:description\" content=\"[vc_row][vc_column width=\u00bb1\/2&#8243; offset=\u00bbvc_col-lg-5&#8243;][vc_empty_space height=\u00bb50px\u00bb][vc_empty_space][\/vc_column][vc_column width=\u00bb1\/2&#8243; offset=\u00bbvc_col-lg-7&#8243;][\/vc_column][\/vc_row][vc_row el_id=\u00bbsection-eficiente\u00bb css=\u00bb.vc_custom_1660683680769{padding-top: 80px !important;}\u00bb][vc_column][vc_separator style=\u00bbshadow\u00bb css=\u00bb.vc_custom_1575055358629{padding-bottom: 100px !important;}\u00bb][\/vc_column][\/vc_row][vc_row][vc_column width=\u00bb1\/2&#8243; offset=\u00bbvc_col-lg-7&#8243;][\/vc_column][vc_column width=\u00bb1\/2&#8243; offset=\u00bbvc_col-lg-5&#8243;][\/vc_column][\/vc_row][vc_row css=\u00bb.vc_custom_1660683680769{padding-top: 80px !important;}\u00bb][vc_column][vc_separator style=\u00bbshadow\u00bb css=\u00bb.vc_custom_1575055358629{padding-bottom: 100px !important;}\u00bb][\/vc_column][\/vc_row][vc_row el_class=\u00bbelement-hide\u00bb el_id=\u00bbsection-utis-brasileiras\u00bb][vc_column][vc_separator style=\u00bbshadow\u00bb css=\u00bb.vc_custom_1575055358629{padding-bottom: 100px !important;}\u00bb][\/vc_column][\/vc_row][vc_row][vc_column width=\u00bb1\/2&#8243; offset=\u00bbvc_col-lg-5&#8243;][vc_empty_space height=\u00bb50px\u00bb][vc_empty_space][\/vc_column][vc_column width=\u00bb1\/2&#8243; offset=\u00bbvc_col-lg-7&#8243;][\/vc_column][\/vc_row][vc_row el_class=\u00bbelement-hide\u00bb][vc_column width=\u00bb1\/2&#8243; offset=\u00bbvc_col-lg-5&#8243;][vc_empty_space height=\u00bb50px\u00bb][\/vc_column][vc_column [&hellip;]\" \/>\r\n<meta property=\"og:url\" content=\"https:\/\/www.epimedsolutions.com\/es\/certificacoes\/\" \/>\r\n<meta property=\"og:site_name\" content=\"Epimed Solutions\" \/>\r\n<meta property=\"article:publisher\" content=\"https:\/\/www.facebook.com\/epimed\/\" \/>\r\n<meta property=\"article:modified_time\" content=\"2026-03-17T17:58:48+00:00\" \/>\r\n<meta name=\"twitter:card\" content=\"summary_large_image\" \/>\r\n<meta name=\"twitter:site\" content=\"@epimed\" \/>\r\n<meta name=\"twitter:label1\" content=\"Tiempo de lectura\" \/>\n\t<meta name=\"twitter:data1\" content=\"3 minutos\" \/>\r\n<script type=\"application\/ld+json\" class=\"yoast-schema-graph\">{\"@context\":\"https:\/\/schema.org\",\"@graph\":[{\"@type\":\"WebPage\",\"@id\":\"https:\/\/www.epimedsolutions.com\/es\/certificacoes\/\",\"url\":\"https:\/\/www.epimedsolutions.com\/es\/certificacoes\/\",\"name\":\"Certificaciones - Epimed Solutions\",\"isPartOf\":{\"@id\":\"https:\/\/www.epimedsolutions.com\/es\/#website\"},\"datePublished\":\"2019-11-22T21:45:57+00:00\",\"dateModified\":\"2026-03-17T17:58:48+00:00\",\"breadcrumb\":{\"@id\":\"https:\/\/www.epimedsolutions.com\/es\/certificacoes\/#breadcrumb\"},\"inLanguage\":\"es\",\"potentialAction\":[{\"@type\":\"ReadAction\",\"target\":[\"https:\/\/www.epimedsolutions.com\/es\/certificacoes\/\"]}]},{\"@type\":\"BreadcrumbList\",\"@id\":\"https:\/\/www.epimedsolutions.com\/es\/certificacoes\/#breadcrumb\",\"itemListElement\":[{\"@type\":\"ListItem\",\"position\":1,\"name\":\"In\u00edcio\",\"item\":\"https:\/\/www.epimedsolutions.com\/es\/\"},{\"@type\":\"ListItem\",\"position\":2,\"name\":\"Certificaciones\"}]},{\"@type\":\"WebSite\",\"@id\":\"https:\/\/www.epimedsolutions.com\/es\/#website\",\"url\":\"https:\/\/www.epimedsolutions.com\/es\/\",\"name\":\"Epimed Solutions\",\"description\":\"\",\"publisher\":{\"@id\":\"https:\/\/www.epimedsolutions.com\/es\/#organization\"},\"potentialAction\":[{\"@type\":\"SearchAction\",\"target\":{\"@type\":\"EntryPoint\",\"urlTemplate\":\"https:\/\/www.epimedsolutions.com\/es\/?s={search_term_string}\"},\"query-input\":{\"@type\":\"PropertyValueSpecification\",\"valueRequired\":true,\"valueName\":\"search_term_string\"}}],\"inLanguage\":\"es\"},{\"@type\":\"Organization\",\"@id\":\"https:\/\/www.epimedsolutions.com\/es\/#organization\",\"name\":\"Epimed Solutions\",\"url\":\"https:\/\/www.epimedsolutions.com\/es\/\",\"logo\":{\"@type\":\"ImageObject\",\"inLanguage\":\"es\",\"@id\":\"https:\/\/www.epimedsolutions.com\/es\/#\/schema\/logo\/image\/\",\"url\":\"https:\/\/epimedsolutions.com\/wp-content\/uploads\/2020\/04\/logo-epimed-1.png\",\"contentUrl\":\"https:\/\/epimedsolutions.com\/wp-content\/uploads\/2020\/04\/logo-epimed-1.png\",\"width\":400,\"height\":193,\"caption\":\"Epimed Solutions\"},\"image\":{\"@id\":\"https:\/\/www.epimedsolutions.com\/es\/#\/schema\/logo\/image\/\"},\"sameAs\":[\"https:\/\/www.facebook.com\/epimed\/\",\"https:\/\/x.com\/epimed\",\"https:\/\/www.instagram.com\/epimedsolutions\/\",\"https:\/\/www.youtube.com\/user\/epimedsolutions\/\"]}]}<\/script>\r\n<!-- \/ Yoast SEO plugin. -->","yoast_head_json":{"title":"Certificaciones - Epimed Solutions","robots":{"index":"index","follow":"follow","max-snippet":"max-snippet:-1","max-image-preview":"max-image-preview:large","max-video-preview":"max-video-preview:-1"},"canonical":"https:\/\/www.epimedsolutions.com\/es\/certificacoes\/","og_locale":"es_ES","og_type":"article","og_title":"Certificaciones - Epimed Solutions","og_description":"[vc_row][vc_column width=\u00bb1\/2&#8243; offset=\u00bbvc_col-lg-5&#8243;][vc_empty_space height=\u00bb50px\u00bb][vc_empty_space][\/vc_column][vc_column width=\u00bb1\/2&#8243; offset=\u00bbvc_col-lg-7&#8243;][\/vc_column][\/vc_row][vc_row el_id=\u00bbsection-eficiente\u00bb css=\u00bb.vc_custom_1660683680769{padding-top: 80px !important;}\u00bb][vc_column][vc_separator style=\u00bbshadow\u00bb css=\u00bb.vc_custom_1575055358629{padding-bottom: 100px !important;}\u00bb][\/vc_column][\/vc_row][vc_row][vc_column width=\u00bb1\/2&#8243; offset=\u00bbvc_col-lg-7&#8243;][\/vc_column][vc_column width=\u00bb1\/2&#8243; offset=\u00bbvc_col-lg-5&#8243;][\/vc_column][\/vc_row][vc_row css=\u00bb.vc_custom_1660683680769{padding-top: 80px !important;}\u00bb][vc_column][vc_separator style=\u00bbshadow\u00bb css=\u00bb.vc_custom_1575055358629{padding-bottom: 100px !important;}\u00bb][\/vc_column][\/vc_row][vc_row el_class=\u00bbelement-hide\u00bb el_id=\u00bbsection-utis-brasileiras\u00bb][vc_column][vc_separator style=\u00bbshadow\u00bb css=\u00bb.vc_custom_1575055358629{padding-bottom: 100px !important;}\u00bb][\/vc_column][\/vc_row][vc_row][vc_column width=\u00bb1\/2&#8243; offset=\u00bbvc_col-lg-5&#8243;][vc_empty_space height=\u00bb50px\u00bb][vc_empty_space][\/vc_column][vc_column width=\u00bb1\/2&#8243; offset=\u00bbvc_col-lg-7&#8243;][\/vc_column][\/vc_row][vc_row el_class=\u00bbelement-hide\u00bb][vc_column width=\u00bb1\/2&#8243; offset=\u00bbvc_col-lg-5&#8243;][vc_empty_space height=\u00bb50px\u00bb][\/vc_column][vc_column [&hellip;]","og_url":"https:\/\/www.epimedsolutions.com\/es\/certificacoes\/","og_site_name":"Epimed Solutions","article_publisher":"https:\/\/www.facebook.com\/epimed\/","article_modified_time":"2026-03-17T17:58:48+00:00","twitter_card":"summary_large_image","twitter_site":"@epimed","twitter_misc":{"Tiempo de lectura":"3 minutos"},"schema":{"@context":"https:\/\/schema.org","@graph":[{"@type":"WebPage","@id":"https:\/\/www.epimedsolutions.com\/es\/certificacoes\/","url":"https:\/\/www.epimedsolutions.com\/es\/certificacoes\/","name":"Certificaciones - Epimed Solutions","isPartOf":{"@id":"https:\/\/www.epimedsolutions.com\/es\/#website"},"datePublished":"2019-11-22T21:45:57+00:00","dateModified":"2026-03-17T17:58:48+00:00","breadcrumb":{"@id":"https:\/\/www.epimedsolutions.com\/es\/certificacoes\/#breadcrumb"},"inLanguage":"es","potentialAction":[{"@type":"ReadAction","target":["https:\/\/www.epimedsolutions.com\/es\/certificacoes\/"]}]},{"@type":"BreadcrumbList","@id":"https:\/\/www.epimedsolutions.com\/es\/certificacoes\/#breadcrumb","itemListElement":[{"@type":"ListItem","position":1,"name":"In\u00edcio","item":"https:\/\/www.epimedsolutions.com\/es\/"},{"@type":"ListItem","position":2,"name":"Certificaciones"}]},{"@type":"WebSite","@id":"https:\/\/www.epimedsolutions.com\/es\/#website","url":"https:\/\/www.epimedsolutions.com\/es\/","name":"Epimed Solutions","description":"","publisher":{"@id":"https:\/\/www.epimedsolutions.com\/es\/#organization"},"potentialAction":[{"@type":"SearchAction","target":{"@type":"EntryPoint","urlTemplate":"https:\/\/www.epimedsolutions.com\/es\/?s={search_term_string}"},"query-input":{"@type":"PropertyValueSpecification","valueRequired":true,"valueName":"search_term_string"}}],"inLanguage":"es"},{"@type":"Organization","@id":"https:\/\/www.epimedsolutions.com\/es\/#organization","name":"Epimed Solutions","url":"https:\/\/www.epimedsolutions.com\/es\/","logo":{"@type":"ImageObject","inLanguage":"es","@id":"https:\/\/www.epimedsolutions.com\/es\/#\/schema\/logo\/image\/","url":"https:\/\/epimedsolutions.com\/wp-content\/uploads\/2020\/04\/logo-epimed-1.png","contentUrl":"https:\/\/epimedsolutions.com\/wp-content\/uploads\/2020\/04\/logo-epimed-1.png","width":400,"height":193,"caption":"Epimed Solutions"},"image":{"@id":"https:\/\/www.epimedsolutions.com\/es\/#\/schema\/logo\/image\/"},"sameAs":["https:\/\/www.facebook.com\/epimed\/","https:\/\/x.com\/epimed","https:\/\/www.instagram.com\/epimedsolutions\/","https:\/\/www.youtube.com\/user\/epimedsolutions\/"]}]}},"_links":{"self":[{"href":"https:\/\/www.epimedsolutions.com\/es\/wp-json\/wp\/v2\/pages\/12271","targetHints":{"allow":["GET"]}}],"collection":[{"href":"https:\/\/www.epimedsolutions.com\/es\/wp-json\/wp\/v2\/pages"}],"about":[{"href":"https:\/\/www.epimedsolutions.com\/es\/wp-json\/wp\/v2\/types\/page"}],"author":[{"embeddable":true,"href":"https:\/\/www.epimedsolutions.com\/es\/wp-json\/wp\/v2\/users\/1"}],"replies":[{"embeddable":true,"href":"https:\/\/www.epimedsolutions.com\/es\/wp-json\/wp\/v2\/comments?post=12271"}],"version-history":[{"count":3,"href":"https:\/\/www.epimedsolutions.com\/es\/wp-json\/wp\/v2\/pages\/12271\/revisions"}],"predecessor-version":[{"id":38047,"href":"https:\/\/www.epimedsolutions.com\/es\/wp-json\/wp\/v2\/pages\/12271\/revisions\/38047"}],"wp:attachment":[{"href":"https:\/\/www.epimedsolutions.com\/es\/wp-json\/wp\/v2\/media?parent=12271"}],"curies":[{"name":"wp","href":"https:\/\/api.w.org\/{rel}","templated":true}]}}