{"id":16164,"date":"2020-03-18T16:54:26","date_gmt":"2020-03-18T19:54:26","guid":{"rendered":"https:\/\/www.epimedsolutions.com\/diagnostico-covid\/"},"modified":"2020-04-08T12:43:07","modified_gmt":"2020-04-08T15:43:07","slug":"inclusion-de-diagnostico","status":"publish","type":"page","link":"https:\/\/www.epimedsolutions.com\/es\/inclusion-de-diagnostico\/","title":{"rendered":"Inclusi\u00f3n de Diagn\u00f3stico"},"content":{"rendered":"<section class=\"wpb-content-wrapper\"><p>[vc_row row_content_width=\u00bbgrid\u00bb css=\u00bb.vc_custom_1585743188484{padding-bottom: 10px !important;}\u00bb dynamic_background_color_value=\u00bb#dde5ff\u00bb][vc_column width=\u00bb1\/2&#8243;][vc_single_image image=\u00bb14921&#8243; img_size=\u00bbfull\u00bb][\/vc_column][vc_column width=\u00bb1\/2&#8243; css=\u00bb.vc_custom_1586179937167{margin-top: 100px !important;}\u00bb]<div class=\"mkdf-section-title-holder  mkdf-st-standard mkdf-st-title-left mkdf-st-normal-space mkdf-st-disable-title-break\" >\n\t<div class=\"mkdf-st-inner\">\n\t\t\t\t\t<h2 class=\"mkdf-st-title\" >\n\t\t\t\tCORONAVIRUS<br \/> COVID-19\t\t\t<\/h2>\n\t\t\t\t\t\t\t<h5 class=\"mkdf-st-text\" style=\"font-size: 20px;line-height: 33px\">\n\t\t\t\tGu\u00eda para el diligenciamiento del diagn\u00f3stico de COVID-19 en el sistema Epimed Monitor UCI.\t\t\t<\/h5>\n\t\t\t<\/div>\n<\/div>[vc_empty_space]<a itemprop=\"url\" href=\"https:\/\/www.epimedsolutions.com\/wp-content\/uploads\/2020\/04\/guia_de_preenchimento_COVID19_ES.pdf\" target=\"_blank\"  class=\"mkdf-btn mkdf-btn-large mkdf-btn-solid\"  >\n    <span class=\"mkdf-btn-text\">Descargar Gu\u00eda<\/span>\n    <\/a>[\/vc_column][\/vc_row][vc_row row_content_width=\u00bbgrid\u00bb css=\u00bb.vc_custom_1584646706334{padding-bottom: 10px !important;}\u00bb][vc_column]<div class=\"mkdf-elements-holder   mkdf-one-column  mkdf-responsive-mode-768 mkdf-one-column-alignment-center\" ><div class=\"mkdf-eh-item    \"  data-item-class=\"mkdf-eh-custom-1656\" data-769-1024=\"0 2%\" data-681-768=\"0 2%\" data-680=\"0 0\">\n\t<div class=\"mkdf-eh-item-inner\">\n\t\t<div class=\"mkdf-eh-item-content mkdf-eh-custom-1656\" style=\"padding: 0 23%\">\n\t\t\t<div class=\"mkdf-section-title-holder  mkdf-st-standard mkdf-st-title-left mkdf-st-normal-space \" style=\"text-align: center\">\n\t<div class=\"mkdf-st-inner\">\n\t\t\t\t\t<h3 class=\"mkdf-st-title\" >\n\t\t\t\tInclusi\u00f3n de Diagn\u00f3stico\t\t\t<\/h3>\n\t\t\t\t\t\t\t<p class=\"mkdf-st-text\" style=\"font-size: 20px;line-height: 33px\">\n\t\t\t\tCreamos, en el sistema Epimed Monitor UCI, el diagn\u00f3stico (principal y secundario) de \u201cInfecci\u00f3n por coronavirus 2019 (COVID-19)\u201d.\t\t\t<\/p>\n\t\t\t<\/div>\n<\/div>\t\t<\/div>\n\t<\/div>\n<\/div><\/div>[\/vc_column][\/vc_row][vc_row content_placement=\u00bbtop\u00bb row_content_width=\u00bbgrid\u00bb css=\u00bb.vc_custom_1584647035788{padding-top: 38px !important;padding-bottom: 75px !important;}\u00bb dynamic_background_color_value=\u00bb#f2f6ff\u00bb][vc_column width=\u00bb1\/3&#8243; css=\u00bb.vc_custom_1584637341978{margin-bottom: 80px !important;}\u00bb]<div class=\"mkdf-elements-holder   mkdf-two-columns  mkdf-responsive-mode-1024 \" ><div class=\"mkdf-eh-item    \"  data-item-class=\"mkdf-eh-custom-9467\" data-1025-1366=\"0 50px 70px 0\" data-769-1024=\"0 0\" data-681-768=\"50px 0 0 0\" data-680=\"0 0px\">\n\t<div class=\"mkdf-eh-item-inner\">\n\t\t<div class=\"mkdf-eh-item-content mkdf-eh-custom-9467\" style=\"padding: 0px 99px 98px 0\">\n\t\t\t[vc_column_text css=\u00bb.vc_custom_1585942720672{margin-bottom: 20px !important;padding-bottom: 25px !important;}\u00bb]Al diligenciar correctamente este diagn\u00f3stico etiol\u00f3gico, usted podr\u00e1 registrar correctamente el diagn\u00f3stico de estos pacientes comprehendiendo mejor la situaci\u00f3n y el impacto de estos pacientes, en tiemporeal, en su UCI.<\/p>\n<p>Esto tambi\u00e9n permitir\u00e1 que, posteriormente, usted tenga datos sobre el desenlace y uso de recursos de estos pacientes.<br \/>\n[\/vc_column_text]<a itemprop=\"url\" href=\"https:\/\/www.epimedsolutions.com\/wp-content\/uploads\/2020\/04\/guia_de_preenchimento_COVID19_ES.pdf\" target=\"_blank\"  class=\"mkdf-btn mkdf-btn-large mkdf-btn-solid\"  >\n    <span class=\"mkdf-btn-text\">Descargar Gu\u00eda<\/span>\n    <\/a>\t\t<\/div>\n\t<\/div>\n<\/div><\/div>[\/vc_column][vc_column width=\u00bb2\/3&#8243;][vc_single_image image=\u00bb16214&#8243; img_size=\u00bbfull\u00bb onclick=\u00bbcustom_link\u00bb img_link_target=\u00bb_blank\u00bb link=\u00bbhttps:\/\/www.epimedsolutions.com\/wp-content\/uploads\/2020\/04\/guia_de_preenchimento_COVID19_ES.pdf\u00bb][\/vc_column][\/vc_row]<\/p>\n<\/section>","protected":false},"excerpt":{"rendered":"<p>[vc_row row_content_width=\u00bbgrid\u00bb css=\u00bb.vc_custom_1585743188484{padding-bottom: 10px !important;}\u00bb dynamic_background_color_value=\u00bb#dde5ff\u00bb][vc_column width=\u00bb1\/2&#8243;][vc_single_image image=\u00bb14921&#8243; img_size=\u00bbfull\u00bb][\/vc_column][vc_column width=\u00bb1\/2&#8243; css=\u00bb.vc_custom_1586179937167{margin-top: 100px !important;}\u00bb][vc_empty_space][\/vc_column][\/vc_row][vc_row row_content_width=\u00bbgrid\u00bb css=\u00bb.vc_custom_1584646706334{padding-bottom: 10px !important;}\u00bb][vc_column][\/vc_column][\/vc_row][vc_row content_placement=\u00bbtop\u00bb row_content_width=\u00bbgrid\u00bb css=\u00bb.vc_custom_1584647035788{padding-top: 38px !important;padding-bottom: 75px !important;}\u00bb dynamic_background_color_value=\u00bb#f2f6ff\u00bb][vc_column width=\u00bb1\/3&#8243; css=\u00bb.vc_custom_1584637341978{margin-bottom: 80px !important;}\u00bb][\/vc_column][vc_column width=\u00bb2\/3&#8243;][vc_single_image image=\u00bb16214&#8243; img_size=\u00bbfull\u00bb onclick=\u00bbcustom_link\u00bb img_link_target=\u00bb_blank\u00bb link=\u00bbhttps:\/\/www.epimedsolutions.com\/wp-content\/uploads\/2020\/04\/guia_de_preenchimento_COVID19_ES.pdf\u00bb][\/vc_column][\/vc_row]<\/p>\n","protected":false},"author":1,"featured_media":14924,"parent":0,"menu_order":0,"comment_status":"closed","ping_status":"closed","template":"full-width.php","meta":{"_acf_changed":false,"footnotes":""},"class_list":["post-16164","page","type-page","status-publish","has-post-thumbnail","hentry"],"acf":[],"yoast_head":"<!-- This site is optimized with the Yoast SEO plugin v27.2 - https:\/\/yoast.com\/product\/yoast-seo-wordpress\/ -->\r\n<title>Inclusi\u00f3n de Diagn\u00f3stico - Epimed Solutions<\/title>\r\n<meta name=\"robots\" content=\"index, follow, max-snippet:-1, max-image-preview:large, max-video-preview:-1\" \/>\r\n<link rel=\"canonical\" href=\"https:\/\/www.epimedsolutions.com\/es\/inclusion-de-diagnostico\/\" \/>\r\n<meta property=\"og:locale\" content=\"es_ES\" \/>\r\n<meta property=\"og:type\" content=\"article\" \/>\r\n<meta property=\"og:title\" content=\"Inclusi\u00f3n de Diagn\u00f3stico - Epimed Solutions\" \/>\r\n<meta property=\"og:description\" content=\"[vc_row row_content_width=\u00bbgrid\u00bb css=\u00bb.vc_custom_1585743188484{padding-bottom: 10px !important;}\u00bb dynamic_background_color_value=\u00bb#dde5ff\u00bb][vc_column width=\u00bb1\/2&#8243;][vc_single_image image=\u00bb14921&#8243; img_size=\u00bbfull\u00bb][\/vc_column][vc_column width=\u00bb1\/2&#8243; css=\u00bb.vc_custom_1586179937167{margin-top: 100px !important;}\u00bb][vc_empty_space][\/vc_column][\/vc_row][vc_row row_content_width=\u00bbgrid\u00bb css=\u00bb.vc_custom_1584646706334{padding-bottom: 10px !important;}\u00bb][vc_column][\/vc_column][\/vc_row][vc_row content_placement=\u00bbtop\u00bb row_content_width=\u00bbgrid\u00bb css=\u00bb.vc_custom_1584647035788{padding-top: 38px !important;padding-bottom: 75px !important;}\u00bb dynamic_background_color_value=\u00bb#f2f6ff\u00bb][vc_column width=\u00bb1\/3&#8243; css=\u00bb.vc_custom_1584637341978{margin-bottom: 80px !important;}\u00bb][\/vc_column][vc_column width=\u00bb2\/3&#8243;][vc_single_image image=\u00bb16214&#8243; img_size=\u00bbfull\u00bb onclick=\u00bbcustom_link\u00bb img_link_target=\u00bb_blank\u00bb link=\u00bbhttps:\/\/www.epimedsolutions.com\/wp-content\/uploads\/2020\/04\/guia_de_preenchimento_COVID19_ES.pdf\u00bb][\/vc_column][\/vc_row]\" \/>\r\n<meta property=\"og:url\" content=\"https:\/\/www.epimedsolutions.com\/es\/inclusion-de-diagnostico\/\" \/>\r\n<meta property=\"og:site_name\" content=\"Epimed Solutions\" \/>\r\n<meta property=\"article:publisher\" content=\"https:\/\/www.facebook.com\/epimed\/\" \/>\r\n<meta property=\"article:modified_time\" content=\"2020-04-08T15:43:07+00:00\" \/>\r\n<meta property=\"og:image\" content=\"https:\/\/www.epimedsolutions.com\/wp-content\/uploads\/2020\/03\/corona_tablet-2.png\" \/>\r\n\t<meta property=\"og:image:width\" content=\"657\" \/>\r\n\t<meta property=\"og:image:height\" content=\"555\" \/>\r\n\t<meta property=\"og:image:type\" content=\"image\/png\" \/>\r\n<meta name=\"twitter:card\" content=\"summary_large_image\" \/>\r\n<meta name=\"twitter:site\" content=\"@epimed\" \/>\r\n<meta name=\"twitter:label1\" content=\"Tiempo de lectura\" \/>\n\t<meta name=\"twitter:data1\" content=\"2 minutos\" \/>\r\n<script type=\"application\/ld+json\" class=\"yoast-schema-graph\">{\"@context\":\"https:\/\/schema.org\",\"@graph\":[{\"@type\":\"WebPage\",\"@id\":\"https:\/\/www.epimedsolutions.com\/es\/inclusion-de-diagnostico\/\",\"url\":\"https:\/\/www.epimedsolutions.com\/es\/inclusion-de-diagnostico\/\",\"name\":\"Inclusi\u00f3n de Diagn\u00f3stico - Epimed Solutions\",\"isPartOf\":{\"@id\":\"https:\/\/www.epimedsolutions.com\/es\/#website\"},\"primaryImageOfPage\":{\"@id\":\"https:\/\/www.epimedsolutions.com\/es\/inclusion-de-diagnostico\/#primaryimage\"},\"image\":{\"@id\":\"https:\/\/www.epimedsolutions.com\/es\/inclusion-de-diagnostico\/#primaryimage\"},\"thumbnailUrl\":\"https:\/\/www.epimedsolutions.com\/wp-content\/uploads\/2020\/03\/corona_tablet-2.png\",\"datePublished\":\"2020-03-18T19:54:26+00:00\",\"dateModified\":\"2020-04-08T15:43:07+00:00\",\"breadcrumb\":{\"@id\":\"https:\/\/www.epimedsolutions.com\/es\/inclusion-de-diagnostico\/#breadcrumb\"},\"inLanguage\":\"es\",\"potentialAction\":[{\"@type\":\"ReadAction\",\"target\":[\"https:\/\/www.epimedsolutions.com\/es\/inclusion-de-diagnostico\/\"]}]},{\"@type\":\"ImageObject\",\"inLanguage\":\"es\",\"@id\":\"https:\/\/www.epimedsolutions.com\/es\/inclusion-de-diagnostico\/#primaryimage\",\"url\":\"https:\/\/www.epimedsolutions.com\/wp-content\/uploads\/2020\/03\/corona_tablet-2.png\",\"contentUrl\":\"https:\/\/www.epimedsolutions.com\/wp-content\/uploads\/2020\/03\/corona_tablet-2.png\",\"width\":657,\"height\":555,\"caption\":\"Diagn\u00f3stico de Covid\"},{\"@type\":\"BreadcrumbList\",\"@id\":\"https:\/\/www.epimedsolutions.com\/es\/inclusion-de-diagnostico\/#breadcrumb\",\"itemListElement\":[{\"@type\":\"ListItem\",\"position\":1,\"name\":\"In\u00edcio\",\"item\":\"https:\/\/www.epimedsolutions.com\/es\/\"},{\"@type\":\"ListItem\",\"position\":2,\"name\":\"Inclusi\u00f3n de Diagn\u00f3stico\"}]},{\"@type\":\"WebSite\",\"@id\":\"https:\/\/www.epimedsolutions.com\/es\/#website\",\"url\":\"https:\/\/www.epimedsolutions.com\/es\/\",\"name\":\"Epimed Solutions\",\"description\":\"\",\"publisher\":{\"@id\":\"https:\/\/www.epimedsolutions.com\/es\/#organization\"},\"potentialAction\":[{\"@type\":\"SearchAction\",\"target\":{\"@type\":\"EntryPoint\",\"urlTemplate\":\"https:\/\/www.epimedsolutions.com\/es\/?s={search_term_string}\"},\"query-input\":{\"@type\":\"PropertyValueSpecification\",\"valueRequired\":true,\"valueName\":\"search_term_string\"}}],\"inLanguage\":\"es\"},{\"@type\":\"Organization\",\"@id\":\"https:\/\/www.epimedsolutions.com\/es\/#organization\",\"name\":\"Epimed Solutions\",\"url\":\"https:\/\/www.epimedsolutions.com\/es\/\",\"logo\":{\"@type\":\"ImageObject\",\"inLanguage\":\"es\",\"@id\":\"https:\/\/www.epimedsolutions.com\/es\/#\/schema\/logo\/image\/\",\"url\":\"https:\/\/epimedsolutions.com\/wp-content\/uploads\/2020\/04\/logo-epimed-1.png\",\"contentUrl\":\"https:\/\/epimedsolutions.com\/wp-content\/uploads\/2020\/04\/logo-epimed-1.png\",\"width\":400,\"height\":193,\"caption\":\"Epimed Solutions\"},\"image\":{\"@id\":\"https:\/\/www.epimedsolutions.com\/es\/#\/schema\/logo\/image\/\"},\"sameAs\":[\"https:\/\/www.facebook.com\/epimed\/\",\"https:\/\/x.com\/epimed\",\"https:\/\/www.instagram.com\/epimedsolutions\/\",\"https:\/\/www.youtube.com\/user\/epimedsolutions\/\"]}]}<\/script>\r\n<!-- \/ Yoast SEO plugin. -->","yoast_head_json":{"title":"Inclusi\u00f3n de Diagn\u00f3stico - Epimed Solutions","robots":{"index":"index","follow":"follow","max-snippet":"max-snippet:-1","max-image-preview":"max-image-preview:large","max-video-preview":"max-video-preview:-1"},"canonical":"https:\/\/www.epimedsolutions.com\/es\/inclusion-de-diagnostico\/","og_locale":"es_ES","og_type":"article","og_title":"Inclusi\u00f3n de Diagn\u00f3stico - Epimed Solutions","og_description":"[vc_row row_content_width=\u00bbgrid\u00bb css=\u00bb.vc_custom_1585743188484{padding-bottom: 10px !important;}\u00bb dynamic_background_color_value=\u00bb#dde5ff\u00bb][vc_column width=\u00bb1\/2&#8243;][vc_single_image image=\u00bb14921&#8243; img_size=\u00bbfull\u00bb][\/vc_column][vc_column width=\u00bb1\/2&#8243; css=\u00bb.vc_custom_1586179937167{margin-top: 100px !important;}\u00bb][vc_empty_space][\/vc_column][\/vc_row][vc_row row_content_width=\u00bbgrid\u00bb css=\u00bb.vc_custom_1584646706334{padding-bottom: 10px !important;}\u00bb][vc_column][\/vc_column][\/vc_row][vc_row content_placement=\u00bbtop\u00bb row_content_width=\u00bbgrid\u00bb css=\u00bb.vc_custom_1584647035788{padding-top: 38px !important;padding-bottom: 75px !important;}\u00bb dynamic_background_color_value=\u00bb#f2f6ff\u00bb][vc_column width=\u00bb1\/3&#8243; css=\u00bb.vc_custom_1584637341978{margin-bottom: 80px !important;}\u00bb][\/vc_column][vc_column width=\u00bb2\/3&#8243;][vc_single_image image=\u00bb16214&#8243; img_size=\u00bbfull\u00bb onclick=\u00bbcustom_link\u00bb img_link_target=\u00bb_blank\u00bb link=\u00bbhttps:\/\/www.epimedsolutions.com\/wp-content\/uploads\/2020\/04\/guia_de_preenchimento_COVID19_ES.pdf\u00bb][\/vc_column][\/vc_row]","og_url":"https:\/\/www.epimedsolutions.com\/es\/inclusion-de-diagnostico\/","og_site_name":"Epimed Solutions","article_publisher":"https:\/\/www.facebook.com\/epimed\/","article_modified_time":"2020-04-08T15:43:07+00:00","og_image":[{"width":657,"height":555,"url":"https:\/\/www.epimedsolutions.com\/wp-content\/uploads\/2020\/03\/corona_tablet-2.png","type":"image\/png"}],"twitter_card":"summary_large_image","twitter_site":"@epimed","twitter_misc":{"Tiempo de lectura":"2 minutos"},"schema":{"@context":"https:\/\/schema.org","@graph":[{"@type":"WebPage","@id":"https:\/\/www.epimedsolutions.com\/es\/inclusion-de-diagnostico\/","url":"https:\/\/www.epimedsolutions.com\/es\/inclusion-de-diagnostico\/","name":"Inclusi\u00f3n de Diagn\u00f3stico - Epimed Solutions","isPartOf":{"@id":"https:\/\/www.epimedsolutions.com\/es\/#website"},"primaryImageOfPage":{"@id":"https:\/\/www.epimedsolutions.com\/es\/inclusion-de-diagnostico\/#primaryimage"},"image":{"@id":"https:\/\/www.epimedsolutions.com\/es\/inclusion-de-diagnostico\/#primaryimage"},"thumbnailUrl":"https:\/\/www.epimedsolutions.com\/wp-content\/uploads\/2020\/03\/corona_tablet-2.png","datePublished":"2020-03-18T19:54:26+00:00","dateModified":"2020-04-08T15:43:07+00:00","breadcrumb":{"@id":"https:\/\/www.epimedsolutions.com\/es\/inclusion-de-diagnostico\/#breadcrumb"},"inLanguage":"es","potentialAction":[{"@type":"ReadAction","target":["https:\/\/www.epimedsolutions.com\/es\/inclusion-de-diagnostico\/"]}]},{"@type":"ImageObject","inLanguage":"es","@id":"https:\/\/www.epimedsolutions.com\/es\/inclusion-de-diagnostico\/#primaryimage","url":"https:\/\/www.epimedsolutions.com\/wp-content\/uploads\/2020\/03\/corona_tablet-2.png","contentUrl":"https:\/\/www.epimedsolutions.com\/wp-content\/uploads\/2020\/03\/corona_tablet-2.png","width":657,"height":555,"caption":"Diagn\u00f3stico de Covid"},{"@type":"BreadcrumbList","@id":"https:\/\/www.epimedsolutions.com\/es\/inclusion-de-diagnostico\/#breadcrumb","itemListElement":[{"@type":"ListItem","position":1,"name":"In\u00edcio","item":"https:\/\/www.epimedsolutions.com\/es\/"},{"@type":"ListItem","position":2,"name":"Inclusi\u00f3n de Diagn\u00f3stico"}]},{"@type":"WebSite","@id":"https:\/\/www.epimedsolutions.com\/es\/#website","url":"https:\/\/www.epimedsolutions.com\/es\/","name":"Epimed Solutions","description":"","publisher":{"@id":"https:\/\/www.epimedsolutions.com\/es\/#organization"},"potentialAction":[{"@type":"SearchAction","target":{"@type":"EntryPoint","urlTemplate":"https:\/\/www.epimedsolutions.com\/es\/?s={search_term_string}"},"query-input":{"@type":"PropertyValueSpecification","valueRequired":true,"valueName":"search_term_string"}}],"inLanguage":"es"},{"@type":"Organization","@id":"https:\/\/www.epimedsolutions.com\/es\/#organization","name":"Epimed Solutions","url":"https:\/\/www.epimedsolutions.com\/es\/","logo":{"@type":"ImageObject","inLanguage":"es","@id":"https:\/\/www.epimedsolutions.com\/es\/#\/schema\/logo\/image\/","url":"https:\/\/epimedsolutions.com\/wp-content\/uploads\/2020\/04\/logo-epimed-1.png","contentUrl":"https:\/\/epimedsolutions.com\/wp-content\/uploads\/2020\/04\/logo-epimed-1.png","width":400,"height":193,"caption":"Epimed Solutions"},"image":{"@id":"https:\/\/www.epimedsolutions.com\/es\/#\/schema\/logo\/image\/"},"sameAs":["https:\/\/www.facebook.com\/epimed\/","https:\/\/x.com\/epimed","https:\/\/www.instagram.com\/epimedsolutions\/","https:\/\/www.youtube.com\/user\/epimedsolutions\/"]}]}},"_links":{"self":[{"href":"https:\/\/www.epimedsolutions.com\/es\/wp-json\/wp\/v2\/pages\/16164","targetHints":{"allow":["GET"]}}],"collection":[{"href":"https:\/\/www.epimedsolutions.com\/es\/wp-json\/wp\/v2\/pages"}],"about":[{"href":"https:\/\/www.epimedsolutions.com\/es\/wp-json\/wp\/v2\/types\/page"}],"author":[{"embeddable":true,"href":"https:\/\/www.epimedsolutions.com\/es\/wp-json\/wp\/v2\/users\/1"}],"replies":[{"embeddable":true,"href":"https:\/\/www.epimedsolutions.com\/es\/wp-json\/wp\/v2\/comments?post=16164"}],"version-history":[{"count":0,"href":"https:\/\/www.epimedsolutions.com\/es\/wp-json\/wp\/v2\/pages\/16164\/revisions"}],"wp:featuredmedia":[{"embeddable":true,"href":"https:\/\/www.epimedsolutions.com\/es\/wp-json\/wp\/v2\/media\/14924"}],"wp:attachment":[{"href":"https:\/\/www.epimedsolutions.com\/es\/wp-json\/wp\/v2\/media?parent=16164"}],"curies":[{"name":"wp","href":"https:\/\/api.w.org\/{rel}","templated":true}]}}