{"id":12491,"date":"2000-01-18T15:10:15","date_gmt":"2000-01-18T17:10:15","guid":{"rendered":"https:\/\/www.epimedsolutions.com\/?page_id=12491"},"modified":"2022-07-08T11:30:01","modified_gmt":"2022-07-08T14:30:01","slug":"systeme-nas","status":"publish","type":"page","link":"https:\/\/www.epimedsolutions.com\/fr\/systeme-nas\/","title":{"rendered":"Syst\u00e8me NAS"},"content":{"rendered":"<section class=\"wpb-content-wrapper\"><p>[vc_row el_id=\u00a0\u00bbep-header\u00a0\u00bb][vc_column]<div class=\"mkdf-elements-holder   mkdf-one-column  mkdf-responsive-mode-768 \" ><div class=\"mkdf-eh-item   mkdf-horizontal-alignment-center \"  data-item-class=\"mkdf-eh-custom-5960\" data-1367-1600=\"0 30%\" data-1025-1366=\"0 20%\" data-769-1024=\"0 10%\" data-681-768=\"0 10%\" data-680=\"0 10%\">\n\t<div class=\"mkdf-eh-item-inner\">\n\t\t<div class=\"mkdf-eh-item-content mkdf-eh-custom-5960\" >\n\t\t\t[vc_single_image image=\u00a0\u00bb17530&Prime; img_size=\u00a0\u00bbmedium\u00a0\u00bb alignment=\u00a0\u00bbcenter\u00a0\u00bb css_animation=\u00a0\u00bbfadeIn\u00a0\u00bb el_id=\u00a0\u00bbheader-img\u00a0\u00bb][vc_empty_space height=\u00a0\u00bb20px\u00a0\u00bb]<a itemprop=\"url\" href=\"http:\/\/epimedsolutions.rds.land\/testez-notre-plateforme\" target=\"_self\" style=\"color: #0098da;border-color: #0098da;margin: 0px 7px 10px 7px;padding: 12px 37px 12px 37px\" class=\"mkdf-btn mkdf-btn-large mkdf-btn-outline mkdf-btn-custom-hover-bg mkdf-btn-custom-border-hover\" data-hover-bg-color=\"#0098da\" data-hover-border-color=\"#0098da\" >\n    <span class=\"mkdf-btn-text\">PLANIFIER UNE D\u00c9MONSTRATION<\/span>\n    <\/a>\t\t<\/div>\n\t<\/div>\n<\/div><\/div>[\/vc_column][\/vc_row][vc_row content_placement=\u00a0\u00bbmiddle\u00a0\u00bb row_content_width=\u00a0\u00bbgrid\u00a0\u00bb el_id=\u00a0\u00bbep-benefits\u00a0\u00bb css=\u00a0\u00bb.vc_custom_1579199569681{margin-top: 0px !important;padding-top: 40px !important;}\u00a0\u00bb][vc_column width=\u00a0\u00bb1\/2&Prime;]<div class=\"mkdf-elements-holder   mkdf-one-column  mkdf-responsive-mode-768 \" ><div class=\"mkdf-eh-item    \"  data-item-class=\"mkdf-eh-custom-2611\" data-681-768=\"30px 0% 30px 0%\" data-680=\"30px 0% 30px 0%\">\n\t<div class=\"mkdf-eh-item-inner\">\n\t\t<div class=\"mkdf-eh-item-content mkdf-eh-custom-2611\" >\n\t\t\t<div class=\"mkdf-section-title-holder  mkdf-st-standard mkdf-st-title-left mkdf-st-normal-space \" >\n\t<div class=\"mkdf-st-inner\">\n\t\t\t\t\t<h3 class=\"mkdf-st-title\" style=\"color: #0098da\">\n\t\t\t\tEn utilisant <span class=\"mkdf-st-title-bold\">le<\/span> <span class=\"mkdf-st-title-bold\">syst\u00e8me<\/span> <span class=\"mkdf-st-title-bold\">NAS<\/span> d\u2019Epimed Monitor, vous pouvez:\t\t\t<\/h3>\n\t\t\t\t\t<\/div>\n<\/div>[vc_empty_space height=\u00a0\u00bb27px\u00a0\u00bb]<div class=\"mkdf-icon-list-holder \" >\n\t<div class=\"mkdf-il-icon-holder\">\n\t\t<i class=\"mkdf-icon-dripicons dripicon dripicons-checkmark \"><\/i>\t<\/div>\n\t<p class=\"mkdf-il-text\" >Obtenir une estimation stratifi\u00e9e de la charge de travail du personnel infirmier par travail post\u00e9 ou par journ\u00e9e de travail<\/p>\n<\/div><div class=\"mkdf-icon-list-holder \" >\n\t<div class=\"mkdf-il-icon-holder\">\n\t\t<i class=\"mkdf-icon-dripicons dripicon dripicons-checkmark \"><\/i>\t<\/div>\n\t<p class=\"mkdf-il-text\" >Visualiser, en temps r\u00e9el, la relation entre la charge de travail et le nombre de professionnels infirmiers disponibles<\/p>\n<\/div><div class=\"mkdf-icon-list-holder \" >\n\t<div class=\"mkdf-il-icon-holder\">\n\t\t<i class=\"mkdf-icon-dripicons dripicon dripicons-checkmark \"><\/i>\t<\/div>\n\t<p class=\"mkdf-il-text\" >G\u00e9rer l&#039;attribution des \u00e9quipes<\/p>\n<\/div><div class=\"mkdf-icon-list-holder \" >\n\t<div class=\"mkdf-il-icon-holder\">\n\t\t<i class=\"mkdf-icon-dripicons dripicon dripicons-checkmark \"><\/i>\t<\/div>\n\t<p class=\"mkdf-il-text\" >G\u00e9n\u00e9rer des graphiques et des rapports p\u00e9riodiques pour soutenir la gestion de votre USI<\/p>\n<\/div>[vc_empty_space height=\u00a0\u00bb27px\u00a0\u00bb]<a itemprop=\"url\" href=\"http:\/\/epimedsolutions.rds.land\/testez-notre-plateforme\" target=\"_self\" style=\"color: #0098da;border-color: #0098da;margin: 0px 7px 10px 7px;padding: 12px 37px 12px 37px\" class=\"mkdf-btn mkdf-btn-large mkdf-btn-outline mkdf-btn-custom-hover-bg mkdf-btn-custom-border-hover\" data-hover-bg-color=\"#0098da\" data-hover-border-color=\"#0098da\" >\n    <span class=\"mkdf-btn-text\">PLANIFIER UNE D\u00c9MONSTRATION<\/span>\n    <\/a>\t\t<\/div>\n\t<\/div>\n<\/div><\/div>[\/vc_column][vc_column width=\u00a0\u00bb1\/2&Prime;]<div class=\"mkdf-elements-holder   mkdf-one-column  mkdf-responsive-mode-768 \" ><div class=\"mkdf-eh-item  mkdf-vertical-alignment-top  \"  data-item-class=\"mkdf-eh-custom-2075\" data-1367-1600=\"50px 32px 0 35px\" data-1025-1366=\"50px 7px 0 24px\" data-769-1024=\"0px 0% 0 0%\" data-681-768=\"30px 0% 30px 0%\" data-680=\"30px 0% 30px 0%\">\n\t<div class=\"mkdf-eh-item-inner\">\n\t\t<div class=\"mkdf-eh-item-content mkdf-eh-custom-2075\" >\n\t\t\t[vc_images_carousel images=\u00a0\u00bb17537,17543&Prime; img_size=\u00a0\u00bbfull\u00a0\u00bb autoplay=\u00a0\u00bbyes\u00a0\u00bb wrap=\u00a0\u00bbyes\u00a0\u00bb]\t\t<\/div>\n\t<\/div>\n<\/div><\/div>[\/vc_column][\/vc_row][vc_row content_placement=\u00a0\u00bbmiddle\u00a0\u00bb row_content_width=\u00a0\u00bbgrid\u00a0\u00bb el_id=\u00a0\u00bbep-testimonials\u00a0\u00bb][vc_column][vc_empty_space height=\u00a0\u00bb50px\u00a0\u00bb]<div class=\"mkdf-testimonials-holder clearfix mkdf-testimonials-standard \">\n    <div class=\"mkdf-testimonials mkdf-owl-slider\" data-number-of-items=\"1\" data-enable-loop=\"yes\" data-enable-autoplay=\"yes\" data-slider-speed=\"5000\" data-slider-speed-animation=\"600\" data-enable-navigation=\"yes\" data-enable-pagination=\"yes\" >\n\n    \n            <div class=\"mkdf-testimonial-content\" id=\"mkdf-testimonials-11586\">\n                <div class=\"mkdf-testimonial-text-holder\">\n                                            <h3 itemprop=\"name\" class=\"mkdf-testimonial-title entry-title\">Que disent nos clients?<\/h3>\n                                                                <p class=\"mkdf-testimonial-text\">&quot;Nous sommes les pionniers dans ce type d&#039;analyse, tout comme dans la realisation d&#039;un projet dans un nombre eleves d&#039;hopitaux, ce qui a rendu cette etude multicentrique l&#039;une des plus importantes jamais realisee sur le score NAS.&quot;<\/p>\n                                                                                    <h4 class=\"mkdf-testimonial-author\">\n                            <span class=\"mkdf-testimonials-author-name\">Arnaud Bruyneel<\/span>\n                                                            <span class=\"mkdf-testimonials-author-job\">SIZ Nursing<\/span>\n                                                    <\/h4>\n                                    <\/div>\n            <\/div>\n\n    \n            <div class=\"mkdf-testimonial-content\" id=\"mkdf-testimonials-11585\">\n                <div class=\"mkdf-testimonial-text-holder\">\n                                            <h3 itemprop=\"name\" class=\"mkdf-testimonial-title entry-title\">Que disent nos clients?<\/h3>\n                                                                <p class=\"mkdf-testimonial-text\">&quot;Le systerne Epimed Monitor Surveillance nous aidera a voir les ameliorations que nous pouvons apporter au systeme de sante en Belgique&quot;<\/p>\n                                                                                    <h4 class=\"mkdf-testimonial-author\">\n                            <span class=\"mkdf-testimonials-author-name\">Dr. Alain D&#039;Hondt<\/span>\n                                                            <span class=\"mkdf-testimonials-author-job\">CHU Ambrois\u00e9 Par\u00e9<\/span>\n                                                    <\/h4>\n                                    <\/div>\n            <\/div>\n\n    \n            <div class=\"mkdf-testimonial-content\" id=\"mkdf-testimonials-11584\">\n                <div class=\"mkdf-testimonial-text-holder\">\n                                            <h3 itemprop=\"name\" class=\"mkdf-testimonial-title entry-title\">Que disent nos clients?<\/h3>\n                                                                <p class=\"mkdf-testimonial-text\">&quot;Je pense que le logiciel Epimed Monitor ICU est l&#039;un des plus puissants sinon le plus performant en matiere de reporting et de benchmarking.&quot; <\/p>\n                                                                                    <h4 class=\"mkdf-testimonial-author\">\n                            <span class=\"mkdf-testimonials-author-name\">Dr. Koen De Deckar<\/span>\n                                                            <span class=\"mkdf-testimonials-author-job\">OLV Aalst<\/span>\n                                                    <\/h4>\n                                    <\/div>\n            <\/div>\n\n    \n            <div class=\"mkdf-testimonial-content\" id=\"mkdf-testimonials-11583\">\n                <div class=\"mkdf-testimonial-text-holder\">\n                                            <h3 itemprop=\"name\" class=\"mkdf-testimonial-title entry-title\">Que disent nos clients?<\/h3>\n                                                                <p class=\"mkdf-testimonial-text\">&quot;Nous utilisons egalement les donnees pour de futurs projets,strategies et consultations avec les decideurs politiques. Les donnees d&#039;Epimed Monitor ICU sont parfaites pour cela, car nous pouvons mieux justifier nos besoins. <\/p>\n                                                                                    <h4 class=\"mkdf-testimonial-author\">\n                            <span class=\"mkdf-testimonials-author-name\">Dr. Niels Van Regenmortel<\/span>\n                                                            <span class=\"mkdf-testimonials-author-job\">ZNA Campus Stuiveberg<\/span>\n                                                    <\/h4>\n                                    <\/div>\n            <\/div>\n\n    \n            <div class=\"mkdf-testimonial-content\" id=\"mkdf-testimonials-11582\">\n                <div class=\"mkdf-testimonial-text-holder\">\n                                            <h3 itemprop=\"name\" class=\"mkdf-testimonial-title entry-title\">Que disent nos clients?<\/h3>\n                                                                <p class=\"mkdf-testimonial-text\">&quot;Je suis extremement satisfaite avec le systeme Epimed Monitor ICU et ne recourrais pas a un autre systeme pour le remplacer. &quot;<\/p>\n                                                                                    <h4 class=\"mkdf-testimonial-author\">\n                            <span class=\"mkdf-testimonials-author-name\">Dr. Ingrid Leonard<\/span>\n                                                            <span class=\"mkdf-testimonials-author-job\">CHR Haunte Senne<\/span>\n                                                    <\/h4>\n                                    <\/div>\n            <\/div>\n\n    \n            <div class=\"mkdf-testimonial-content\" id=\"mkdf-testimonials-11581\">\n                <div class=\"mkdf-testimonial-text-holder\">\n                                            <h3 itemprop=\"name\" class=\"mkdf-testimonial-title entry-title\">Que disent nos clients?<\/h3>\n                                                                <p class=\"mkdf-testimonial-text\">&quot;Pour nous, Epimed Monitor ICU est le prolongement de notre rapport medical du patient. II nous offre le cycle de qualite: identifier, analyser, faire des changements, analyser a nouveau et ensuite faire que les resultats soient meilleurs &quot;<\/p>\n                                                                                    <h4 class=\"mkdf-testimonial-author\">\n                            <span class=\"mkdf-testimonials-author-name\">Dr. Pascal Reper<\/span>\n                                                            <span class=\"mkdf-testimonials-author-job\">CHR Haunte Senne<\/span>\n                                                    <\/h4>\n                                    <\/div>\n            <\/div>\n\n    \n            <div class=\"mkdf-testimonial-content\" id=\"mkdf-testimonials-11579\">\n                <div class=\"mkdf-testimonial-text-holder\">\n                                            <h3 itemprop=\"name\" class=\"mkdf-testimonial-title entry-title\">Que disent nos clients?<\/h3>\n                                                                <p class=\"mkdf-testimonial-text\">&quot;J&#039;ouvre Epimed Monitor ICU au moins une fois par semaine pour generer des rapports et observer les resultats. Chaque armee, je presente les resultats et j&#039;utilise maintenant Epimed en ligne et en temps reel, surtout quand it y a des questions. Tout est plus clair et mieux organise qu&#039;avant. &quot;<\/p>\n                                                                                    <h4 class=\"mkdf-testimonial-author\">\n                            <span class=\"mkdf-testimonials-author-name\">Dr. Patrick Biston<\/span>\n                                                            <span class=\"mkdf-testimonials-author-job\">CHU de Charleroi<\/span>\n                                                    <\/h4>\n                                    <\/div>\n            <\/div>\n\n    \n    <\/div>\n<\/div>[\/vc_column][\/vc_row][vc_row css=\u00a0\u00bb.vc_custom_1573738110399{padding-top: 65px !important;padding-bottom: 60px !important;}\u00a0\u00bb el_id=\u00a0\u00bbep-solutions\u00a0\u00bb][vc_column]<div class=\"mkdf-elements-holder   mkdf-one-column  mkdf-responsive-mode-768 \" ><div class=\"mkdf-eh-item   mkdf-horizontal-alignment-center \"  data-item-class=\"mkdf-eh-custom-3157\" data-1367-1600=\"0 30%\" data-1025-1366=\"0 20%\" data-769-1024=\"0 10%\" data-681-768=\"0 10%\" data-680=\"0 10%\">\n\t<div class=\"mkdf-eh-item-inner\">\n\t\t<div class=\"mkdf-eh-item-content mkdf-eh-custom-3157\" style=\"padding: 0 30%\">\n\t\t\t[vc_column_text]<\/p>\n<h3 style=\"text-align: center; color: #0098da;\">D\u00e9couvrez comment fonctionne notre syst\u00e8me!<\/h3>\n<p>[\/vc_column_text][vc_column_text]<\/p>\n<p style=\"text-align: center;\"><span style=\"font-weight: 400;\">Les d\u00e9monstrations durent environ 20 minutes. C\u2019est rapide!<\/span><\/p>\n<p>[\/vc_column_text][vc_empty_space height=\u00a0\u00bb27px\u00a0\u00bb]<a itemprop=\"url\" href=\"http:\/\/epimedsolutions.rds.land\/testez-notre-plateforme\" target=\"_self\" style=\"color: #0098da;border-color: #0098da;margin: 0px 7px 10px 7px;padding: 12px 37px 12px 37px\" class=\"mkdf-btn mkdf-btn-large mkdf-btn-outline mkdf-btn-custom-hover-bg mkdf-btn-custom-border-hover\" data-hover-bg-color=\"#0098da\" data-hover-border-color=\"#0098da\" >\n    <span class=\"mkdf-btn-text\">PLANIFIER UNE D\u00c9MONSTRATION<\/span>\n    <\/a>\t\t<\/div>\n\t<\/div>\n<\/div><\/div>[\/vc_column][\/vc_row]<\/p>\n<\/section>","protected":false},"excerpt":{"rendered":"<p>[vc_row el_id=\u00a0\u00bbep-header\u00a0\u00bb][vc_column][\/vc_column][\/vc_row][vc_row content_placement=\u00a0\u00bbmiddle\u00a0\u00bb row_content_width=\u00a0\u00bbgrid\u00a0\u00bb el_id=\u00a0\u00bbep-benefits\u00a0\u00bb css=\u00a0\u00bb.vc_custom_1579199569681{margin-top: 0px !important;padding-top: 40px !important;}\u00a0\u00bb][vc_column width=\u00a0\u00bb1\/2&Prime;][\/vc_column][vc_column width=\u00a0\u00bb1\/2&Prime;][\/vc_column][\/vc_row][vc_row content_placement=\u00a0\u00bbmiddle\u00a0\u00bb row_content_width=\u00a0\u00bbgrid\u00a0\u00bb el_id=\u00a0\u00bbep-testimonials\u00a0\u00bb][vc_column][vc_empty_space height=\u00a0\u00bb50px\u00a0\u00bb][\/vc_column][\/vc_row][vc_row css=\u00a0\u00bb.vc_custom_1573738110399{padding-top: 65px !important;padding-bottom: 60px !important;}\u00a0\u00bb el_id=\u00a0\u00bbep-solutions\u00a0\u00bb][vc_column][\/vc_column][\/vc_row]<\/p>\n","protected":false},"author":1,"featured_media":17617,"parent":0,"menu_order":0,"comment_status":"closed","ping_status":"closed","template":"full-width.php","meta":{"_acf_changed":false,"footnotes":""},"class_list":["post-12491","page","type-page","status-publish","has-post-thumbnail","hentry"],"acf":[],"yoast_head":"<!-- This site is optimized with the Yoast SEO plugin v27.2 - https:\/\/yoast.com\/product\/yoast-seo-wordpress\/ -->\r\n<title>Syst\u00e8me NAS - Epimed Solutions<\/title>\r\n<meta name=\"robots\" content=\"index, follow, max-snippet:-1, max-image-preview:large, max-video-preview:-1\" \/>\r\n<link rel=\"canonical\" href=\"https:\/\/www.epimedsolutions.com\/fr\/systeme-nas\/\" \/>\r\n<meta property=\"og:locale\" content=\"fr_FR\" \/>\r\n<meta property=\"og:type\" content=\"article\" \/>\r\n<meta property=\"og:title\" content=\"Syst\u00e8me NAS - Epimed Solutions\" \/>\r\n<meta property=\"og:description\" content=\"[vc_row el_id=\u00a0\u00bbep-header\u00a0\u00bb][vc_column][\/vc_column][\/vc_row][vc_row content_placement=\u00a0\u00bbmiddle\u00a0\u00bb row_content_width=\u00a0\u00bbgrid\u00a0\u00bb el_id=\u00a0\u00bbep-benefits\u00a0\u00bb css=\u00a0\u00bb.vc_custom_1579199569681{margin-top: 0px !important;padding-top: 40px !important;}\u00a0\u00bb][vc_column width=\u00a0\u00bb1\/2&Prime;][\/vc_column][vc_column width=\u00a0\u00bb1\/2&Prime;][\/vc_column][\/vc_row][vc_row content_placement=\u00a0\u00bbmiddle\u00a0\u00bb row_content_width=\u00a0\u00bbgrid\u00a0\u00bb el_id=\u00a0\u00bbep-testimonials\u00a0\u00bb][vc_column][vc_empty_space height=\u00a0\u00bb50px\u00a0\u00bb][\/vc_column][\/vc_row][vc_row css=\u00a0\u00bb.vc_custom_1573738110399{padding-top: 65px !important;padding-bottom: 60px !important;}\u00a0\u00bb el_id=\u00a0\u00bbep-solutions\u00a0\u00bb][vc_column][\/vc_column][\/vc_row]\" \/>\r\n<meta property=\"og:url\" content=\"https:\/\/www.epimedsolutions.com\/fr\/systeme-nas\/\" \/>\r\n<meta property=\"og:site_name\" content=\"Epimed Solutions\" \/>\r\n<meta property=\"article:publisher\" content=\"https:\/\/www.facebook.com\/epimed\/\" \/>\r\n<meta property=\"article:modified_time\" content=\"2022-07-08T14:30:01+00:00\" \/>\r\n<meta property=\"og:image\" content=\"https:\/\/www.epimedsolutions.com\/wp-content\/uploads\/2020\/06\/mockup-PT.png\" \/>\r\n\t<meta property=\"og:image:width\" content=\"300\" \/>\r\n\t<meta property=\"og:image:height\" content=\"217\" \/>\r\n\t<meta property=\"og:image:type\" content=\"image\/png\" \/>\r\n<meta name=\"twitter:card\" content=\"summary_large_image\" \/>\r\n<meta name=\"twitter:site\" content=\"@epimed\" \/>\r\n<meta name=\"twitter:label1\" content=\"Dur\u00e9e de lecture estim\u00e9e\" \/>\n\t<meta name=\"twitter:data1\" content=\"3 minutes\" \/>\r\n<script type=\"application\/ld+json\" class=\"yoast-schema-graph\">{\"@context\":\"https:\/\/schema.org\",\"@graph\":[{\"@type\":\"WebPage\",\"@id\":\"https:\/\/www.epimedsolutions.com\/fr\/systeme-nas\/\",\"url\":\"https:\/\/www.epimedsolutions.com\/fr\/systeme-nas\/\",\"name\":\"Syst\u00e8me NAS - Epimed Solutions\",\"isPartOf\":{\"@id\":\"https:\/\/www.epimedsolutions.com\/fr\/#website\"},\"primaryImageOfPage\":{\"@id\":\"https:\/\/www.epimedsolutions.com\/fr\/systeme-nas\/#primaryimage\"},\"image\":{\"@id\":\"https:\/\/www.epimedsolutions.com\/fr\/systeme-nas\/#primaryimage\"},\"thumbnailUrl\":\"https:\/\/www.epimedsolutions.com\/wp-content\/uploads\/2020\/06\/mockup-PT.png\",\"datePublished\":\"2000-01-18T17:10:15+00:00\",\"dateModified\":\"2022-07-08T14:30:01+00:00\",\"breadcrumb\":{\"@id\":\"https:\/\/www.epimedsolutions.com\/fr\/systeme-nas\/#breadcrumb\"},\"inLanguage\":\"fr-FR\",\"potentialAction\":[{\"@type\":\"ReadAction\",\"target\":[\"https:\/\/www.epimedsolutions.com\/fr\/systeme-nas\/\"]}]},{\"@type\":\"ImageObject\",\"inLanguage\":\"fr-FR\",\"@id\":\"https:\/\/www.epimedsolutions.com\/fr\/systeme-nas\/#primaryimage\",\"url\":\"https:\/\/www.epimedsolutions.com\/wp-content\/uploads\/2020\/06\/mockup-PT.png\",\"contentUrl\":\"https:\/\/www.epimedsolutions.com\/wp-content\/uploads\/2020\/06\/mockup-PT.png\",\"width\":300,\"height\":217,\"caption\":\"Nursing Activity Score\"},{\"@type\":\"BreadcrumbList\",\"@id\":\"https:\/\/www.epimedsolutions.com\/fr\/systeme-nas\/#breadcrumb\",\"itemListElement\":[{\"@type\":\"ListItem\",\"position\":1,\"name\":\"In\u00edcio\",\"item\":\"https:\/\/www.epimedsolutions.com\/fr\/\"},{\"@type\":\"ListItem\",\"position\":2,\"name\":\"Syst\u00e8me NAS\"}]},{\"@type\":\"WebSite\",\"@id\":\"https:\/\/www.epimedsolutions.com\/fr\/#website\",\"url\":\"https:\/\/www.epimedsolutions.com\/fr\/\",\"name\":\"Epimed Solutions\",\"description\":\"\",\"publisher\":{\"@id\":\"https:\/\/www.epimedsolutions.com\/fr\/#organization\"},\"potentialAction\":[{\"@type\":\"SearchAction\",\"target\":{\"@type\":\"EntryPoint\",\"urlTemplate\":\"https:\/\/www.epimedsolutions.com\/fr\/?s={search_term_string}\"},\"query-input\":{\"@type\":\"PropertyValueSpecification\",\"valueRequired\":true,\"valueName\":\"search_term_string\"}}],\"inLanguage\":\"fr-FR\"},{\"@type\":\"Organization\",\"@id\":\"https:\/\/www.epimedsolutions.com\/fr\/#organization\",\"name\":\"Epimed Solutions\",\"url\":\"https:\/\/www.epimedsolutions.com\/fr\/\",\"logo\":{\"@type\":\"ImageObject\",\"inLanguage\":\"fr-FR\",\"@id\":\"https:\/\/www.epimedsolutions.com\/fr\/#\/schema\/logo\/image\/\",\"url\":\"https:\/\/epimedsolutions.com\/wp-content\/uploads\/2020\/04\/logo-epimed-1.png\",\"contentUrl\":\"https:\/\/epimedsolutions.com\/wp-content\/uploads\/2020\/04\/logo-epimed-1.png\",\"width\":400,\"height\":193,\"caption\":\"Epimed Solutions\"},\"image\":{\"@id\":\"https:\/\/www.epimedsolutions.com\/fr\/#\/schema\/logo\/image\/\"},\"sameAs\":[\"https:\/\/www.facebook.com\/epimed\/\",\"https:\/\/x.com\/epimed\",\"https:\/\/www.instagram.com\/epimedsolutions\/\",\"https:\/\/www.youtube.com\/user\/epimedsolutions\/\"]}]}<\/script>\r\n<!-- \/ Yoast SEO plugin. -->","yoast_head_json":{"title":"Syst\u00e8me NAS - Epimed Solutions","robots":{"index":"index","follow":"follow","max-snippet":"max-snippet:-1","max-image-preview":"max-image-preview:large","max-video-preview":"max-video-preview:-1"},"canonical":"https:\/\/www.epimedsolutions.com\/fr\/systeme-nas\/","og_locale":"fr_FR","og_type":"article","og_title":"Syst\u00e8me NAS - Epimed Solutions","og_description":"[vc_row el_id=\u00a0\u00bbep-header\u00a0\u00bb][vc_column][\/vc_column][\/vc_row][vc_row content_placement=\u00a0\u00bbmiddle\u00a0\u00bb row_content_width=\u00a0\u00bbgrid\u00a0\u00bb el_id=\u00a0\u00bbep-benefits\u00a0\u00bb css=\u00a0\u00bb.vc_custom_1579199569681{margin-top: 0px !important;padding-top: 40px !important;}\u00a0\u00bb][vc_column width=\u00a0\u00bb1\/2&Prime;][\/vc_column][vc_column width=\u00a0\u00bb1\/2&Prime;][\/vc_column][\/vc_row][vc_row content_placement=\u00a0\u00bbmiddle\u00a0\u00bb row_content_width=\u00a0\u00bbgrid\u00a0\u00bb el_id=\u00a0\u00bbep-testimonials\u00a0\u00bb][vc_column][vc_empty_space height=\u00a0\u00bb50px\u00a0\u00bb][\/vc_column][\/vc_row][vc_row css=\u00a0\u00bb.vc_custom_1573738110399{padding-top: 65px !important;padding-bottom: 60px !important;}\u00a0\u00bb el_id=\u00a0\u00bbep-solutions\u00a0\u00bb][vc_column][\/vc_column][\/vc_row]","og_url":"https:\/\/www.epimedsolutions.com\/fr\/systeme-nas\/","og_site_name":"Epimed Solutions","article_publisher":"https:\/\/www.facebook.com\/epimed\/","article_modified_time":"2022-07-08T14:30:01+00:00","og_image":[{"width":300,"height":217,"url":"https:\/\/www.epimedsolutions.com\/wp-content\/uploads\/2020\/06\/mockup-PT.png","type":"image\/png"}],"twitter_card":"summary_large_image","twitter_site":"@epimed","twitter_misc":{"Dur\u00e9e de lecture estim\u00e9e":"3 minutes"},"schema":{"@context":"https:\/\/schema.org","@graph":[{"@type":"WebPage","@id":"https:\/\/www.epimedsolutions.com\/fr\/systeme-nas\/","url":"https:\/\/www.epimedsolutions.com\/fr\/systeme-nas\/","name":"Syst\u00e8me NAS - Epimed Solutions","isPartOf":{"@id":"https:\/\/www.epimedsolutions.com\/fr\/#website"},"primaryImageOfPage":{"@id":"https:\/\/www.epimedsolutions.com\/fr\/systeme-nas\/#primaryimage"},"image":{"@id":"https:\/\/www.epimedsolutions.com\/fr\/systeme-nas\/#primaryimage"},"thumbnailUrl":"https:\/\/www.epimedsolutions.com\/wp-content\/uploads\/2020\/06\/mockup-PT.png","datePublished":"2000-01-18T17:10:15+00:00","dateModified":"2022-07-08T14:30:01+00:00","breadcrumb":{"@id":"https:\/\/www.epimedsolutions.com\/fr\/systeme-nas\/#breadcrumb"},"inLanguage":"fr-FR","potentialAction":[{"@type":"ReadAction","target":["https:\/\/www.epimedsolutions.com\/fr\/systeme-nas\/"]}]},{"@type":"ImageObject","inLanguage":"fr-FR","@id":"https:\/\/www.epimedsolutions.com\/fr\/systeme-nas\/#primaryimage","url":"https:\/\/www.epimedsolutions.com\/wp-content\/uploads\/2020\/06\/mockup-PT.png","contentUrl":"https:\/\/www.epimedsolutions.com\/wp-content\/uploads\/2020\/06\/mockup-PT.png","width":300,"height":217,"caption":"Nursing Activity Score"},{"@type":"BreadcrumbList","@id":"https:\/\/www.epimedsolutions.com\/fr\/systeme-nas\/#breadcrumb","itemListElement":[{"@type":"ListItem","position":1,"name":"In\u00edcio","item":"https:\/\/www.epimedsolutions.com\/fr\/"},{"@type":"ListItem","position":2,"name":"Syst\u00e8me NAS"}]},{"@type":"WebSite","@id":"https:\/\/www.epimedsolutions.com\/fr\/#website","url":"https:\/\/www.epimedsolutions.com\/fr\/","name":"Epimed Solutions","description":"","publisher":{"@id":"https:\/\/www.epimedsolutions.com\/fr\/#organization"},"potentialAction":[{"@type":"SearchAction","target":{"@type":"EntryPoint","urlTemplate":"https:\/\/www.epimedsolutions.com\/fr\/?s={search_term_string}"},"query-input":{"@type":"PropertyValueSpecification","valueRequired":true,"valueName":"search_term_string"}}],"inLanguage":"fr-FR"},{"@type":"Organization","@id":"https:\/\/www.epimedsolutions.com\/fr\/#organization","name":"Epimed Solutions","url":"https:\/\/www.epimedsolutions.com\/fr\/","logo":{"@type":"ImageObject","inLanguage":"fr-FR","@id":"https:\/\/www.epimedsolutions.com\/fr\/#\/schema\/logo\/image\/","url":"https:\/\/epimedsolutions.com\/wp-content\/uploads\/2020\/04\/logo-epimed-1.png","contentUrl":"https:\/\/epimedsolutions.com\/wp-content\/uploads\/2020\/04\/logo-epimed-1.png","width":400,"height":193,"caption":"Epimed Solutions"},"image":{"@id":"https:\/\/www.epimedsolutions.com\/fr\/#\/schema\/logo\/image\/"},"sameAs":["https:\/\/www.facebook.com\/epimed\/","https:\/\/x.com\/epimed","https:\/\/www.instagram.com\/epimedsolutions\/","https:\/\/www.youtube.com\/user\/epimedsolutions\/"]}]}},"_links":{"self":[{"href":"https:\/\/www.epimedsolutions.com\/fr\/wp-json\/wp\/v2\/pages\/12491","targetHints":{"allow":["GET"]}}],"collection":[{"href":"https:\/\/www.epimedsolutions.com\/fr\/wp-json\/wp\/v2\/pages"}],"about":[{"href":"https:\/\/www.epimedsolutions.com\/fr\/wp-json\/wp\/v2\/types\/page"}],"author":[{"embeddable":true,"href":"https:\/\/www.epimedsolutions.com\/fr\/wp-json\/wp\/v2\/users\/1"}],"replies":[{"embeddable":true,"href":"https:\/\/www.epimedsolutions.com\/fr\/wp-json\/wp\/v2\/comments?post=12491"}],"version-history":[{"count":0,"href":"https:\/\/www.epimedsolutions.com\/fr\/wp-json\/wp\/v2\/pages\/12491\/revisions"}],"wp:featuredmedia":[{"embeddable":true,"href":"https:\/\/www.epimedsolutions.com\/fr\/wp-json\/wp\/v2\/media\/17617"}],"wp:attachment":[{"href":"https:\/\/www.epimedsolutions.com\/fr\/wp-json\/wp\/v2\/media?parent=12491"}],"curies":[{"name":"wp","href":"https:\/\/api.w.org\/{rel}","templated":true}]}}