{"id":12489,"date":"2000-01-18T15:10:15","date_gmt":"2000-01-18T17:10:15","guid":{"rendered":"https:\/\/www.epimedsolutions.com\/?page_id=12489"},"modified":"2022-07-08T11:42:44","modified_gmt":"2022-07-08T14:42:44","slug":"nas-systeem","status":"publish","type":"page","link":"https:\/\/www.epimedsolutions.com\/nl\/nas-systeem\/","title":{"rendered":"NAS-systeem"},"content":{"rendered":"<section class=\"wpb-content-wrapper\"><p>[vc_row el_id=&#8221;ep-header&#8221;][vc_column]<div class=\"mkdf-elements-holder   mkdf-one-column  mkdf-responsive-mode-768 \" ><div class=\"mkdf-eh-item   mkdf-horizontal-alignment-center \"  data-item-class=\"mkdf-eh-custom-2334\" data-1367-1600=\"0 30%\" data-1025-1366=\"0 20%\" data-769-1024=\"0 10%\" data-681-768=\"0 10%\" data-680=\"0 10%\">\n\t<div class=\"mkdf-eh-item-inner\">\n\t\t<div class=\"mkdf-eh-item-content mkdf-eh-custom-2334\" >\n\t\t\t[vc_single_image image=&#8221;17557&#8243; img_size=&#8221;medium&#8221; alignment=&#8221;center&#8221; css_animation=&#8221;fadeIn&#8221; el_id=&#8221;header-img&#8221;][vc_empty_space height=&#8221;20px&#8221;]<a itemprop=\"url\" href=\"http:\/\/epimedsolutions.rds.land\/boek-een-demonstratie\" target=\"_self\" style=\"color: #0098da;border-color: #0098da;margin: 0px 7px 10px 7px;padding: 12px 37px 12px 37px\" class=\"mkdf-btn mkdf-btn-large mkdf-btn-outline mkdf-btn-custom-hover-bg mkdf-btn-custom-border-hover\" data-hover-bg-color=\"#0098da\" data-hover-border-color=\"#0098da\" >\n    <span class=\"mkdf-btn-text\">BOEK EEN DEMONSTRATIE<\/span>\n    <\/a>\t\t<\/div>\n\t<\/div>\n<\/div><\/div>[\/vc_column][\/vc_row][vc_row content_placement=&#8221;middle&#8221; row_content_width=&#8221;grid&#8221; el_id=&#8221;ep-benefits&#8221; css=&#8221;.vc_custom_1579199569681{margin-top: 0px !important;padding-top: 40px !important;}&#8221;][vc_column width=&#8221;1\/2&#8243;]<div class=\"mkdf-elements-holder   mkdf-one-column  mkdf-responsive-mode-768 \" ><div class=\"mkdf-eh-item    \"  data-item-class=\"mkdf-eh-custom-7866\" data-681-768=\"30px 0% 30px 0%\" data-680=\"30px 0% 30px 0%\">\n\t<div class=\"mkdf-eh-item-inner\">\n\t\t<div class=\"mkdf-eh-item-content mkdf-eh-custom-7866\" >\n\t\t\t<div class=\"mkdf-section-title-holder  mkdf-st-standard mkdf-st-title-left mkdf-st-normal-space \" >\n\t<div class=\"mkdf-st-inner\">\n\t\t\t\t\t<h3 class=\"mkdf-st-title\" style=\"color: #0098da\">\n\t\t\t\tMet de <span class=\"mkdf-st-title-bold\">Epimed<\/span> <span class=\"mkdf-st-title-bold\">Monitor<\/span> <span class=\"mkdf-st-title-bold\">NAS<\/span> kunt u:\t\t\t<\/h3>\n\t\t\t\t\t<\/div>\n<\/div>[vc_empty_space height=&#8221;27px&#8221;]<div class=\"mkdf-icon-list-holder \" >\n\t<div class=\"mkdf-il-icon-holder\">\n\t\t<i class=\"mkdf-icon-dripicons dripicon dripicons-checkmark \"><\/i>\t<\/div>\n\t<p class=\"mkdf-il-text\" >Zorg voor een gestratificeerde schatting van de werklast van het verplegend personeel per ploeg of per dag<\/p>\n<\/div><div class=\"mkdf-icon-list-holder \" >\n\t<div class=\"mkdf-il-icon-holder\">\n\t\t<i class=\"mkdf-icon-dripicons dripicon dripicons-checkmark \" style=\"font-size: Visualiseer in real-time de relatie tussen werklast en het aantal beschikbare verpleegkundigenpx\"><\/i>\t<\/div>\n\t<p class=\"mkdf-il-text\" >Avaliar a adequa\u00e7\u00e3o de antimicrobianos utilizados e focar em a\u00e7\u00f5es que impactem na redu\u00e7\u00e3o da resist\u00eancia microbiana<\/p>\n<\/div><div class=\"mkdf-icon-list-holder \" >\n\t<div class=\"mkdf-il-icon-holder\">\n\t\t<i class=\"mkdf-icon-dripicons dripicon dripicons-checkmark \"><\/i>\t<\/div>\n\t<p class=\"mkdf-il-text\" >Beheer team allocatie<\/p>\n<\/div><div class=\"mkdf-icon-list-holder \" >\n\t<div class=\"mkdf-il-icon-holder\">\n\t\t<i class=\"mkdf-icon-dripicons dripicon dripicons-checkmark \"><\/i>\t<\/div>\n\t<p class=\"mkdf-il-text\" >Genereer grafieken en periodieke rapporten om uw ICU-beheer te ondersteunen<\/p>\n<\/div>[vc_empty_space height=&#8221;27px&#8221;]<a itemprop=\"url\" href=\"http:\/\/epimedsolutions.rds.land\/boek-een-demonstratie\" target=\"_self\" style=\"color: #0098da;border-color: #0098da;margin: 0px 7px 10px 7px;padding: 12px 37px 12px 37px\" class=\"mkdf-btn mkdf-btn-large mkdf-btn-outline mkdf-btn-custom-hover-bg mkdf-btn-custom-border-hover\" data-hover-bg-color=\"#0098da\" data-hover-border-color=\"#0098da\" >\n    <span class=\"mkdf-btn-text\">BOEK EEN DEMONSTRATIE<\/span>\n    <\/a>\t\t<\/div>\n\t<\/div>\n<\/div><\/div>[\/vc_column][vc_column width=&#8221;1\/2&#8243;]<div class=\"mkdf-elements-holder   mkdf-one-column  mkdf-responsive-mode-768 \" ><div class=\"mkdf-eh-item  mkdf-vertical-alignment-top  \"  data-item-class=\"mkdf-eh-custom-4283\" data-1367-1600=\"50px 32px 0 35px\" data-1025-1366=\"50px 7px 0 24px\" data-769-1024=\"0px 0% 0 0%\" data-681-768=\"30px 0% 30px 0%\" data-680=\"30px 0% 30px 0%\">\n\t<div class=\"mkdf-eh-item-inner\">\n\t\t<div class=\"mkdf-eh-item-content mkdf-eh-custom-4283\" >\n\t\t\t[vc_images_carousel images=&#8221;17564,17570&#8243; img_size=&#8221;full&#8221; autoplay=&#8221;yes&#8221; wrap=&#8221;yes&#8221;]\t\t<\/div>\n\t<\/div>\n<\/div><\/div>[\/vc_column][\/vc_row][vc_row content_placement=&#8221;middle&#8221; row_content_width=&#8221;grid&#8221; el_id=&#8221;ep-testimonials&#8221;][vc_column][vc_empty_space height=&#8221;50px&#8221;]<div class=\"mkdf-testimonials-holder clearfix mkdf-testimonials-standard \">\n    <div class=\"mkdf-testimonials mkdf-owl-slider\" data-number-of-items=\"1\" data-enable-loop=\"yes\" data-enable-autoplay=\"yes\" data-slider-speed=\"5000\" data-slider-speed-animation=\"600\" data-enable-navigation=\"yes\" data-enable-pagination=\"yes\" >\n\n    \n            <div class=\"mkdf-testimonial-content\" id=\"mkdf-testimonials-11573\">\n                <div class=\"mkdf-testimonial-text-holder\">\n                                            <h3 itemprop=\"name\" class=\"mkdf-testimonial-title entry-title\">Wat zeggen onze klanten?<\/h3>\n                                                                <p class=\"mkdf-testimonial-text\">&quot;lk open Epimed Monitor ICU systeem minstens een keer per week om rapporten te genereren en de resultaten te bekijken. leder jaar presenteer ik de resultaten en nu gebruik ik Epimed online en in real time, vooral als er twijfels zijn. Alles is duidelijker en beter georganiseerd dan voorheen.&quot;<\/p>\n                                                                                    <h4 class=\"mkdf-testimonial-author\">\n                            <span class=\"mkdf-testimonials-author-name\">Dr. Patrick Biston<\/span>\n                                                            <span class=\"mkdf-testimonials-author-job\">CHU de Charleroi<\/span>\n                                                    <\/h4>\n                                    <\/div>\n            <\/div>\n\n    \n            <div class=\"mkdf-testimonial-content\" id=\"mkdf-testimonials-11572\">\n                <div class=\"mkdf-testimonial-text-holder\">\n                                            <h3 itemprop=\"name\" class=\"mkdf-testimonial-title entry-title\">Wat zeggen onze klanten?<\/h3>\n                                                                <p class=\"mkdf-testimonial-text\">&quot;De Epimed Monitor ICU systeem is voor ons een uitbreiding van ons medisch patientendossier en biedt ons de kwaliteitscyclus: identificeren, analyseren, wijzigingen aanbrengen, opnieuw analyseren en vervolgens de resultaten verbeteren&quot;<\/p>\n                                                                                    <h4 class=\"mkdf-testimonial-author\">\n                            <span class=\"mkdf-testimonials-author-name\">Dr. Pascal Reper<\/span>\n                                                            <span class=\"mkdf-testimonials-author-job\">CHR Haunte Senne<\/span>\n                                                    <\/h4>\n                                    <\/div>\n            <\/div>\n\n    \n            <div class=\"mkdf-testimonial-content\" id=\"mkdf-testimonials-11567\">\n                <div class=\"mkdf-testimonial-text-holder\">\n                                            <h3 itemprop=\"name\" class=\"mkdf-testimonial-title entry-title\">Wat zeggen onze klanten?<\/h3>\n                                                                <p class=\"mkdf-testimonial-text\">&quot;lk ben erg tevreden met het Epimed Monitor ICU systeem en zou niet op zoek gaan naar een ander systeem om het to vervangen.&quot;<\/p>\n                                                                                    <h4 class=\"mkdf-testimonial-author\">\n                            <span class=\"mkdf-testimonials-author-name\">Dr. Ingrid Leonard<\/span>\n                                                            <span class=\"mkdf-testimonials-author-job\">CHR Haunte Senne<\/span>\n                                                    <\/h4>\n                                    <\/div>\n            <\/div>\n\n    \n            <div class=\"mkdf-testimonial-content\" id=\"mkdf-testimonials-11565\">\n                <div class=\"mkdf-testimonial-text-holder\">\n                                            <h3 itemprop=\"name\" class=\"mkdf-testimonial-title entry-title\">Wat zeggen onze klanten?<\/h3>\n                                                                <p class=\"mkdf-testimonial-text\">&quot;We gebruiken de gegevens ook voor toekomstige projecten, strategieen en overleg met de beleidsmakers. Epimed Monitor ICU systeem data zijn hiervoor perfect, omdat we de behoeften die we hebben beter kunnen onderbouwen.&quot; <\/p>\n                                                                                    <h4 class=\"mkdf-testimonial-author\">\n                            <span class=\"mkdf-testimonials-author-name\">Dr. Niels Van Regenmortel<\/span>\n                                                            <span class=\"mkdf-testimonials-author-job\">ZNA Campus Stuiveberg<\/span>\n                                                    <\/h4>\n                                    <\/div>\n            <\/div>\n\n    \n            <div class=\"mkdf-testimonial-content\" id=\"mkdf-testimonials-11563\">\n                <div class=\"mkdf-testimonial-text-holder\">\n                                            <h3 itemprop=\"name\" class=\"mkdf-testimonial-title entry-title\">Wat zeggen onze klanten?<\/h3>\n                                                                <p class=\"mkdf-testimonial-text\">&quot;lk ben van mening dat de Epimed Monitor ICU systeem een van de sterkste zo niet de sterkste is met betrekking tot rapportage en benchmarking.&quot; <\/p>\n                                                                                    <h4 class=\"mkdf-testimonial-author\">\n                            <span class=\"mkdf-testimonials-author-name\">Dr. Koen De Deckar<\/span>\n                                                            <span class=\"mkdf-testimonials-author-job\">OLV Aalst<\/span>\n                                                    <\/h4>\n                                    <\/div>\n            <\/div>\n\n    \n            <div class=\"mkdf-testimonial-content\" id=\"mkdf-testimonials-11543\">\n                <div class=\"mkdf-testimonial-text-holder\">\n                                            <h3 itemprop=\"name\" class=\"mkdf-testimonial-title entry-title\">Wat zeggen onze klanten?<\/h3>\n                                                                <p class=\"mkdf-testimonial-text\">&quot;Het Epimed Monitor Surveillance systeem zal ons helpen om te zien wat we kunnen doen om het gezondheidszorgsysteem in Belgie te verbeteren &quot;<\/p>\n                                                                                    <h4 class=\"mkdf-testimonial-author\">\n                            <span class=\"mkdf-testimonials-author-name\">Dr. Alain D&#039;Hondt<\/span>\n                                                            <span class=\"mkdf-testimonials-author-job\">CHU Ambrois\u00e9 Par\u00e9<\/span>\n                                                    <\/h4>\n                                    <\/div>\n            <\/div>\n\n    \n            <div class=\"mkdf-testimonial-content\" id=\"mkdf-testimonials-11540\">\n                <div class=\"mkdf-testimonial-text-holder\">\n                                            <h3 itemprop=\"name\" class=\"mkdf-testimonial-title entry-title\">Wat zeggen onze klanten?<\/h3>\n                                                                <p class=\"mkdf-testimonial-text\">&quot;Wij waren de pioniers in dit type analyse, evenals in het uitvoeren van een project in een groot aantal ziekenhuizen, waardoor deze multicenter studie een van de meest relevante was met de NAS-score.&quot; De studie liet een analyse toe van de tijd die met de patienten werd doorgebracht, en kwam tot de conclusie dat patienten die !anger op de IC blijven en de overlijdens, meerwerk van de verpleegkundige eisen&quot;. <\/p>\n                                                                                    <h4 class=\"mkdf-testimonial-author\">\n                            <span class=\"mkdf-testimonials-author-name\">Arnaud Bruyneel<\/span>\n                                                            <span class=\"mkdf-testimonials-author-job\">SIZ Nursing<\/span>\n                                                    <\/h4>\n                                    <\/div>\n            <\/div>\n\n    \n    <\/div>\n<\/div>[\/vc_column][\/vc_row][vc_row css=&#8221;.vc_custom_1573738110399{padding-top: 65px !important;padding-bottom: 60px !important;}&#8221; el_id=&#8221;ep-solutions&#8221;][vc_column]<div class=\"mkdf-elements-holder   mkdf-one-column  mkdf-responsive-mode-768 \" ><div class=\"mkdf-eh-item   mkdf-horizontal-alignment-center \"  data-item-class=\"mkdf-eh-custom-1473\" data-1367-1600=\"0 30%\" data-1025-1366=\"0 20%\" data-769-1024=\"0 10%\" data-681-768=\"0 10%\" data-680=\"0 10%\">\n\t<div class=\"mkdf-eh-item-inner\">\n\t\t<div class=\"mkdf-eh-item-content mkdf-eh-custom-1473\" style=\"padding: 0 30%\">\n\t\t\t[vc_column_text]<\/p>\n<h3 style=\"text-align: center; color: #0098da;\"><span style=\"font-weight: 400;\">Zie hoe het systeem werkt!<\/span><\/h3>\n<p>[\/vc_column_text][vc_column_text]<\/p>\n<p style=\"text-align: center;\"><span style=\"font-weight: 400;\">De demonstraties duren ongeveer 20 minuten. Het is snel!<\/span><\/p>\n<p>[\/vc_column_text][vc_empty_space height=&#8221;27px&#8221;]<a itemprop=\"url\" href=\"http:\/\/epimedsolutions.rds.land\/boek-een-demonstratie\" target=\"_self\" style=\"color: #0098da;border-color: #0098da;margin: 0px 7px 10px 7px;padding: 12px 37px 12px 37px\" class=\"mkdf-btn mkdf-btn-large mkdf-btn-outline mkdf-btn-custom-hover-bg mkdf-btn-custom-border-hover\" data-hover-bg-color=\"#0098da\" data-hover-border-color=\"#0098da\" >\n    <span class=\"mkdf-btn-text\">BOEK EEN DEMONSTRATIE<\/span>\n    <\/a>\t\t<\/div>\n\t<\/div>\n<\/div><\/div>[\/vc_column][\/vc_row]<\/p>\n<\/section>","protected":false},"excerpt":{"rendered":"<p>[vc_row el_id=&#8221;ep-header&#8221;][vc_column][\/vc_column][\/vc_row][vc_row content_placement=&#8221;middle&#8221; row_content_width=&#8221;grid&#8221; el_id=&#8221;ep-benefits&#8221; css=&#8221;.vc_custom_1579199569681{margin-top: 0px !important;padding-top: 40px !important;}&#8221;][vc_column width=&#8221;1\/2&#8243;][\/vc_column][vc_column width=&#8221;1\/2&#8243;][\/vc_column][\/vc_row][vc_row content_placement=&#8221;middle&#8221; row_content_width=&#8221;grid&#8221; el_id=&#8221;ep-testimonials&#8221;][vc_column][vc_empty_space height=&#8221;50px&#8221;][\/vc_column][\/vc_row][vc_row css=&#8221;.vc_custom_1573738110399{padding-top: 65px !important;padding-bottom: 60px !important;}&#8221; el_id=&#8221;ep-solutions&#8221;][vc_column][\/vc_column][\/vc_row]<\/p>\n","protected":false},"author":1,"featured_media":17615,"parent":0,"menu_order":0,"comment_status":"closed","ping_status":"closed","template":"full-width.php","meta":{"_acf_changed":false,"footnotes":""},"class_list":["post-12489","page","type-page","status-publish","has-post-thumbnail","hentry"],"acf":[],"yoast_head":"<!-- This site is optimized with the Yoast SEO plugin v27.2 - https:\/\/yoast.com\/product\/yoast-seo-wordpress\/ -->\r\n<title>NAS-systeem - Epimed Solutions<\/title>\r\n<meta name=\"robots\" content=\"index, follow, max-snippet:-1, max-image-preview:large, max-video-preview:-1\" \/>\r\n<link rel=\"canonical\" href=\"https:\/\/www.epimedsolutions.com\/nl\/nas-systeem\/\" \/>\r\n<meta property=\"og:locale\" content=\"nl_NL\" \/>\r\n<meta property=\"og:type\" content=\"article\" \/>\r\n<meta property=\"og:title\" content=\"NAS-systeem - Epimed Solutions\" \/>\r\n<meta property=\"og:description\" content=\"[vc_row el_id=&#8221;ep-header&#8221;][vc_column][\/vc_column][\/vc_row][vc_row content_placement=&#8221;middle&#8221; row_content_width=&#8221;grid&#8221; el_id=&#8221;ep-benefits&#8221; css=&#8221;.vc_custom_1579199569681{margin-top: 0px !important;padding-top: 40px !important;}&#8221;][vc_column width=&#8221;1\/2&#8243;][\/vc_column][vc_column width=&#8221;1\/2&#8243;][\/vc_column][\/vc_row][vc_row content_placement=&#8221;middle&#8221; row_content_width=&#8221;grid&#8221; el_id=&#8221;ep-testimonials&#8221;][vc_column][vc_empty_space height=&#8221;50px&#8221;][\/vc_column][\/vc_row][vc_row css=&#8221;.vc_custom_1573738110399{padding-top: 65px !important;padding-bottom: 60px !important;}&#8221; el_id=&#8221;ep-solutions&#8221;][vc_column][\/vc_column][\/vc_row]\" \/>\r\n<meta property=\"og:url\" content=\"https:\/\/www.epimedsolutions.com\/nl\/nas-systeem\/\" \/>\r\n<meta property=\"og:site_name\" content=\"Epimed Solutions\" \/>\r\n<meta property=\"article:publisher\" content=\"https:\/\/www.facebook.com\/epimed\/\" \/>\r\n<meta property=\"article:modified_time\" content=\"2022-07-08T14:42:44+00:00\" \/>\r\n<meta property=\"og:image\" content=\"https:\/\/www.epimedsolutions.com\/wp-content\/uploads\/2020\/06\/mockup-PT.png\" \/>\r\n\t<meta property=\"og:image:width\" content=\"300\" \/>\r\n\t<meta property=\"og:image:height\" content=\"217\" \/>\r\n\t<meta property=\"og:image:type\" content=\"image\/png\" \/>\r\n<meta name=\"twitter:card\" content=\"summary_large_image\" \/>\r\n<meta name=\"twitter:site\" content=\"@epimed\" \/>\r\n<meta name=\"twitter:label1\" content=\"Geschatte leestijd\" \/>\n\t<meta name=\"twitter:data1\" content=\"3 minuten\" \/>\r\n<script type=\"application\/ld+json\" class=\"yoast-schema-graph\">{\"@context\":\"https:\/\/schema.org\",\"@graph\":[{\"@type\":\"WebPage\",\"@id\":\"https:\/\/www.epimedsolutions.com\/nl\/nas-systeem\/\",\"url\":\"https:\/\/www.epimedsolutions.com\/nl\/nas-systeem\/\",\"name\":\"NAS-systeem - Epimed Solutions\",\"isPartOf\":{\"@id\":\"https:\/\/www.epimedsolutions.com\/nl\/#website\"},\"primaryImageOfPage\":{\"@id\":\"https:\/\/www.epimedsolutions.com\/nl\/nas-systeem\/#primaryimage\"},\"image\":{\"@id\":\"https:\/\/www.epimedsolutions.com\/nl\/nas-systeem\/#primaryimage\"},\"thumbnailUrl\":\"https:\/\/www.epimedsolutions.com\/wp-content\/uploads\/2020\/06\/mockup-PT.png\",\"datePublished\":\"2000-01-18T17:10:15+00:00\",\"dateModified\":\"2022-07-08T14:42:44+00:00\",\"breadcrumb\":{\"@id\":\"https:\/\/www.epimedsolutions.com\/nl\/nas-systeem\/#breadcrumb\"},\"inLanguage\":\"nl-NL\",\"potentialAction\":[{\"@type\":\"ReadAction\",\"target\":[\"https:\/\/www.epimedsolutions.com\/nl\/nas-systeem\/\"]}]},{\"@type\":\"ImageObject\",\"inLanguage\":\"nl-NL\",\"@id\":\"https:\/\/www.epimedsolutions.com\/nl\/nas-systeem\/#primaryimage\",\"url\":\"https:\/\/www.epimedsolutions.com\/wp-content\/uploads\/2020\/06\/mockup-PT.png\",\"contentUrl\":\"https:\/\/www.epimedsolutions.com\/wp-content\/uploads\/2020\/06\/mockup-PT.png\",\"width\":300,\"height\":217,\"caption\":\"Nursing Activity Score\"},{\"@type\":\"BreadcrumbList\",\"@id\":\"https:\/\/www.epimedsolutions.com\/nl\/nas-systeem\/#breadcrumb\",\"itemListElement\":[{\"@type\":\"ListItem\",\"position\":1,\"name\":\"In\u00edcio\",\"item\":\"https:\/\/www.epimedsolutions.com\/nl\/\"},{\"@type\":\"ListItem\",\"position\":2,\"name\":\"NAS-systeem\"}]},{\"@type\":\"WebSite\",\"@id\":\"https:\/\/www.epimedsolutions.com\/nl\/#website\",\"url\":\"https:\/\/www.epimedsolutions.com\/nl\/\",\"name\":\"Epimed Solutions\",\"description\":\"\",\"publisher\":{\"@id\":\"https:\/\/www.epimedsolutions.com\/nl\/#organization\"},\"potentialAction\":[{\"@type\":\"SearchAction\",\"target\":{\"@type\":\"EntryPoint\",\"urlTemplate\":\"https:\/\/www.epimedsolutions.com\/nl\/?s={search_term_string}\"},\"query-input\":{\"@type\":\"PropertyValueSpecification\",\"valueRequired\":true,\"valueName\":\"search_term_string\"}}],\"inLanguage\":\"nl-NL\"},{\"@type\":\"Organization\",\"@id\":\"https:\/\/www.epimedsolutions.com\/nl\/#organization\",\"name\":\"Epimed Solutions\",\"url\":\"https:\/\/www.epimedsolutions.com\/nl\/\",\"logo\":{\"@type\":\"ImageObject\",\"inLanguage\":\"nl-NL\",\"@id\":\"https:\/\/www.epimedsolutions.com\/nl\/#\/schema\/logo\/image\/\",\"url\":\"https:\/\/epimedsolutions.com\/wp-content\/uploads\/2020\/04\/logo-epimed-1.png\",\"contentUrl\":\"https:\/\/epimedsolutions.com\/wp-content\/uploads\/2020\/04\/logo-epimed-1.png\",\"width\":400,\"height\":193,\"caption\":\"Epimed Solutions\"},\"image\":{\"@id\":\"https:\/\/www.epimedsolutions.com\/nl\/#\/schema\/logo\/image\/\"},\"sameAs\":[\"https:\/\/www.facebook.com\/epimed\/\",\"https:\/\/x.com\/epimed\",\"https:\/\/www.instagram.com\/epimedsolutions\/\",\"https:\/\/www.youtube.com\/user\/epimedsolutions\/\"]}]}<\/script>\r\n<!-- \/ Yoast SEO plugin. -->","yoast_head_json":{"title":"NAS-systeem - Epimed Solutions","robots":{"index":"index","follow":"follow","max-snippet":"max-snippet:-1","max-image-preview":"max-image-preview:large","max-video-preview":"max-video-preview:-1"},"canonical":"https:\/\/www.epimedsolutions.com\/nl\/nas-systeem\/","og_locale":"nl_NL","og_type":"article","og_title":"NAS-systeem - Epimed Solutions","og_description":"[vc_row el_id=&#8221;ep-header&#8221;][vc_column][\/vc_column][\/vc_row][vc_row content_placement=&#8221;middle&#8221; row_content_width=&#8221;grid&#8221; el_id=&#8221;ep-benefits&#8221; css=&#8221;.vc_custom_1579199569681{margin-top: 0px !important;padding-top: 40px !important;}&#8221;][vc_column width=&#8221;1\/2&#8243;][\/vc_column][vc_column width=&#8221;1\/2&#8243;][\/vc_column][\/vc_row][vc_row content_placement=&#8221;middle&#8221; row_content_width=&#8221;grid&#8221; el_id=&#8221;ep-testimonials&#8221;][vc_column][vc_empty_space height=&#8221;50px&#8221;][\/vc_column][\/vc_row][vc_row css=&#8221;.vc_custom_1573738110399{padding-top: 65px !important;padding-bottom: 60px !important;}&#8221; el_id=&#8221;ep-solutions&#8221;][vc_column][\/vc_column][\/vc_row]","og_url":"https:\/\/www.epimedsolutions.com\/nl\/nas-systeem\/","og_site_name":"Epimed Solutions","article_publisher":"https:\/\/www.facebook.com\/epimed\/","article_modified_time":"2022-07-08T14:42:44+00:00","og_image":[{"width":300,"height":217,"url":"https:\/\/www.epimedsolutions.com\/wp-content\/uploads\/2020\/06\/mockup-PT.png","type":"image\/png"}],"twitter_card":"summary_large_image","twitter_site":"@epimed","twitter_misc":{"Geschatte leestijd":"3 minuten"},"schema":{"@context":"https:\/\/schema.org","@graph":[{"@type":"WebPage","@id":"https:\/\/www.epimedsolutions.com\/nl\/nas-systeem\/","url":"https:\/\/www.epimedsolutions.com\/nl\/nas-systeem\/","name":"NAS-systeem - Epimed Solutions","isPartOf":{"@id":"https:\/\/www.epimedsolutions.com\/nl\/#website"},"primaryImageOfPage":{"@id":"https:\/\/www.epimedsolutions.com\/nl\/nas-systeem\/#primaryimage"},"image":{"@id":"https:\/\/www.epimedsolutions.com\/nl\/nas-systeem\/#primaryimage"},"thumbnailUrl":"https:\/\/www.epimedsolutions.com\/wp-content\/uploads\/2020\/06\/mockup-PT.png","datePublished":"2000-01-18T17:10:15+00:00","dateModified":"2022-07-08T14:42:44+00:00","breadcrumb":{"@id":"https:\/\/www.epimedsolutions.com\/nl\/nas-systeem\/#breadcrumb"},"inLanguage":"nl-NL","potentialAction":[{"@type":"ReadAction","target":["https:\/\/www.epimedsolutions.com\/nl\/nas-systeem\/"]}]},{"@type":"ImageObject","inLanguage":"nl-NL","@id":"https:\/\/www.epimedsolutions.com\/nl\/nas-systeem\/#primaryimage","url":"https:\/\/www.epimedsolutions.com\/wp-content\/uploads\/2020\/06\/mockup-PT.png","contentUrl":"https:\/\/www.epimedsolutions.com\/wp-content\/uploads\/2020\/06\/mockup-PT.png","width":300,"height":217,"caption":"Nursing Activity Score"},{"@type":"BreadcrumbList","@id":"https:\/\/www.epimedsolutions.com\/nl\/nas-systeem\/#breadcrumb","itemListElement":[{"@type":"ListItem","position":1,"name":"In\u00edcio","item":"https:\/\/www.epimedsolutions.com\/nl\/"},{"@type":"ListItem","position":2,"name":"NAS-systeem"}]},{"@type":"WebSite","@id":"https:\/\/www.epimedsolutions.com\/nl\/#website","url":"https:\/\/www.epimedsolutions.com\/nl\/","name":"Epimed Solutions","description":"","publisher":{"@id":"https:\/\/www.epimedsolutions.com\/nl\/#organization"},"potentialAction":[{"@type":"SearchAction","target":{"@type":"EntryPoint","urlTemplate":"https:\/\/www.epimedsolutions.com\/nl\/?s={search_term_string}"},"query-input":{"@type":"PropertyValueSpecification","valueRequired":true,"valueName":"search_term_string"}}],"inLanguage":"nl-NL"},{"@type":"Organization","@id":"https:\/\/www.epimedsolutions.com\/nl\/#organization","name":"Epimed Solutions","url":"https:\/\/www.epimedsolutions.com\/nl\/","logo":{"@type":"ImageObject","inLanguage":"nl-NL","@id":"https:\/\/www.epimedsolutions.com\/nl\/#\/schema\/logo\/image\/","url":"https:\/\/epimedsolutions.com\/wp-content\/uploads\/2020\/04\/logo-epimed-1.png","contentUrl":"https:\/\/epimedsolutions.com\/wp-content\/uploads\/2020\/04\/logo-epimed-1.png","width":400,"height":193,"caption":"Epimed Solutions"},"image":{"@id":"https:\/\/www.epimedsolutions.com\/nl\/#\/schema\/logo\/image\/"},"sameAs":["https:\/\/www.facebook.com\/epimed\/","https:\/\/x.com\/epimed","https:\/\/www.instagram.com\/epimedsolutions\/","https:\/\/www.youtube.com\/user\/epimedsolutions\/"]}]}},"_links":{"self":[{"href":"https:\/\/www.epimedsolutions.com\/nl\/wp-json\/wp\/v2\/pages\/12489","targetHints":{"allow":["GET"]}}],"collection":[{"href":"https:\/\/www.epimedsolutions.com\/nl\/wp-json\/wp\/v2\/pages"}],"about":[{"href":"https:\/\/www.epimedsolutions.com\/nl\/wp-json\/wp\/v2\/types\/page"}],"author":[{"embeddable":true,"href":"https:\/\/www.epimedsolutions.com\/nl\/wp-json\/wp\/v2\/users\/1"}],"replies":[{"embeddable":true,"href":"https:\/\/www.epimedsolutions.com\/nl\/wp-json\/wp\/v2\/comments?post=12489"}],"version-history":[{"count":0,"href":"https:\/\/www.epimedsolutions.com\/nl\/wp-json\/wp\/v2\/pages\/12489\/revisions"}],"wp:featuredmedia":[{"embeddable":true,"href":"https:\/\/www.epimedsolutions.com\/nl\/wp-json\/wp\/v2\/media\/17615"}],"wp:attachment":[{"href":"https:\/\/www.epimedsolutions.com\/nl\/wp-json\/wp\/v2\/media?parent=12489"}],"curies":[{"name":"wp","href":"https:\/\/api.w.org\/{rel}","templated":true}]}}